{"id":97503,"date":"2017-07-02T16:55:10","date_gmt":"2017-07-02T16:55:10","guid":{"rendered":"http:\/\/www.ceramictiles.com\/srbija\/product\/bouquet-aurea-decor\/"},"modified":"2026-01-05T00:00:49","modified_gmt":"2026-01-05T00:00:49","slug":"bouquet-aurea-decor","status":"publish","type":"product","link":"https:\/\/www.keramika.com\/srbija\/bouquet-aurea-decor\/","title":{"rendered":"Bouquet Aurea Decor"},"content":{"rendered":"<p>Debljina mm \u010dini plo\u010dicu vrlo izdr\u017eljivom i prijatnom na dodir. Keramika je prekrasne zelene boje. U koliko \u017eelite neku drugu boju, pozovite nas i mi \u0107emo proveriti kod proizvo\u0111a\u010da. Redovna cena, ovih plo\u010dica u maloprodaji je 11227,5 RSD. U na\u0161oj online trgovini, je mo\u017eete kupiti za 8982,5 RSD. Veli\u010dina ove plo\u010dice je 17,5&#215;20 cm. Bouquet Aurea Decor je proizvod iz \u0160panije te je izuzetno kvalitetna.<\/p>\n<p>Kliknite na ime serije za sve plo\u010dice u toj seriji: <a class=\"pdfcatal\" href=\"\/\/www.ceramictiles.com\/pdf\/bouquet\/catalogue_bouquet_aurea.pdf\">Bouquet ceramic Aurea<\/a><\/p>\n<p>Da bi naru\u010dili model iz PDF kataloga ove serije, molimo vas, da nas kontaktirate na: <a href=\"mailto:zo_mi@ceramictiles.com\">zo_mi@ceramictiles.com<\/a> ili nas pozovite na: For exact offer, PLS send us quantity and product you need with delivery address..<\/p>\n<p>Technical description: 17,5&#215;30<\/p>\n","protected":false},"excerpt":{"rendered":"<p>Debljina mm \u010dini plo\u010dicu vrlo izdr\u017eljivom i prijatnom na dodir. Keramika je prekrasne zelene boje. U koliko \u017eelite neku drugu boju, pozovite nas i mi \u0107emo proveriti kod proizvo\u0111a\u010da. Redovna cena, ovih plo\u010dica u maloprodaji je 11227,5 RSD. U na\u0161oj online trgovini, je mo\u017eete kupiti za 8982,5 RSD. Veli\u010dina ove plo\u010dice je 17,5&#215;20 cm. Bouquet [&hellip;]<\/p>\n","protected":false},"featured_media":97504,"template":"","meta":[],"product_cat":[99921431,200,999,250],"product_tag":[],"_links":{"self":[{"href":"https:\/\/www.keramika.com\/srbija\/wp-json\/wp\/v2\/product\/97503"}],"collection":[{"href":"https:\/\/www.keramika.com\/srbija\/wp-json\/wp\/v2\/product"}],"about":[{"href":"https:\/\/www.keramika.com\/srbija\/wp-json\/wp\/v2\/types\/product"}],"wp:featuredmedia":[{"embeddable":true,"href":"https:\/\/www.keramika.com\/srbija\/wp-json\/wp\/v2\/media\/97504"}],"wp:attachment":[{"href":"https:\/\/www.keramika.com\/srbija\/wp-json\/wp\/v2\/media?parent=97503"}],"wp:term":[{"taxonomy":"product_cat","embeddable":true,"href":"https:\/\/www.keramika.com\/srbija\/wp-json\/wp\/v2\/product_cat?post=97503"},{"taxonomy":"product_tag","embeddable":true,"href":"https:\/\/www.keramika.com\/srbija\/wp-json\/wp\/v2\/product_tag?post=97503"}],"curies":[{"name":"wp","href":"https:\/\/api.w.org\/{rel}","templated":true}]}}