{"id":97479,"date":"2017-07-02T16:49:51","date_gmt":"2017-07-02T16:49:51","guid":{"rendered":"http:\/\/www.ceramictiles.com\/srbija\/product\/realonda-yosemite-gris\/"},"modified":"2026-01-05T00:00:47","modified_gmt":"2026-01-05T00:00:47","slug":"realonda-yosemite-gris","status":"publish","type":"product","link":"https:\/\/www.keramika.com\/srbija\/realonda-yosemite-gris\/","title":{"rendered":"Realonda Yosemite Gris"},"content":{"rendered":"<p>9 mm debljina \u0107e zadovoljiti i najzahtevnije kupce. plo\u010dica proizvo\u0111a\u010da Realonda Ceramica iz \u0160panije. Plo\u010dice sive boje osvje\u017eit \u0107e svaki prostor. Umesto 5577,5 RSD \u0161to je redovna maloprodajna cena keramike, u na\u0161oj online prodavnici, je mo\u017eete dobiti za samo 4462,5 RSD. Dimenzije ovih plo\u010dica su 44&#215;66 cm.<\/p>\n<p>Kliknite na ime serije za sve plo\u010dice u toj seriji: <a class=\"pdfcatal\" href=\"\/\/www.ceramictiles.com\/pdf\/realonda\/yosemite.pdf\">Realonda Ceramica Yosemite<\/a><\/p>\n<p>Da bi naru\u010dili model iz PDF kataloga ove serije, molimo vas, da nas kontaktirate na: <a href=\"mailto:zo_mi@ceramictiles.com\">zo_mi@ceramictiles.com<\/a> ili nas pozovite na: For exact offer, PLS send us quantity and product you need with delivery address..<\/p>\n","protected":false},"excerpt":{"rendered":"<p>9 mm debljina \u0107e zadovoljiti i najzahtevnije kupce. plo\u010dica proizvo\u0111a\u010da Realonda Ceramica iz \u0160panije. Plo\u010dice sive boje osvje\u017eit \u0107e svaki prostor. Umesto 5577,5 RSD \u0161to je redovna maloprodajna cena keramike, u na\u0161oj online prodavnici, je mo\u017eete dobiti za samo 4462,5 RSD. Dimenzije ovih plo\u010dica su 44&#215;66 cm. Kliknite na ime serije za sve plo\u010dice u [&hellip;]<\/p>\n","protected":false},"featured_media":97480,"template":"","meta":[],"product_cat":[200,220,230,999,999114],"product_tag":[],"_links":{"self":[{"href":"https:\/\/www.keramika.com\/srbija\/wp-json\/wp\/v2\/product\/97479"}],"collection":[{"href":"https:\/\/www.keramika.com\/srbija\/wp-json\/wp\/v2\/product"}],"about":[{"href":"https:\/\/www.keramika.com\/srbija\/wp-json\/wp\/v2\/types\/product"}],"wp:featuredmedia":[{"embeddable":true,"href":"https:\/\/www.keramika.com\/srbija\/wp-json\/wp\/v2\/media\/97480"}],"wp:attachment":[{"href":"https:\/\/www.keramika.com\/srbija\/wp-json\/wp\/v2\/media?parent=97479"}],"wp:term":[{"taxonomy":"product_cat","embeddable":true,"href":"https:\/\/www.keramika.com\/srbija\/wp-json\/wp\/v2\/product_cat?post=97479"},{"taxonomy":"product_tag","embeddable":true,"href":"https:\/\/www.keramika.com\/srbija\/wp-json\/wp\/v2\/product_tag?post=97479"}],"curies":[{"name":"wp","href":"https:\/\/api.w.org\/{rel}","templated":true}]}}