{"id":97464,"date":"2017-07-02T16:46:13","date_gmt":"2017-07-02T16:46:13","guid":{"rendered":"http:\/\/www.ceramictiles.com\/srbija\/product\/realonda-trend-azul\/"},"modified":"2026-01-05T00:00:47","modified_gmt":"2026-01-05T00:00:47","slug":"realonda-trend-azul","status":"publish","type":"product","link":"https:\/\/www.keramika.com\/srbija\/realonda-trend-azul\/","title":{"rendered":"Realonda Trend Azul"},"content":{"rendered":"<p>Proizvodnja \u0160panije ,koja je poznata u svetu, kao jedana od najboljih proizvo\u0111a\u010da kerami\u010dkih plo\u010dica. Plo\u010dica 31&#215;56 cm je dobra za ve\u0107 razli\u010ditih namena. Plo\u010dica je debela 9 mm, \u0161to je ubraja u tvrde plo\u010dice. Online cena je samo 3982,5 RSD, dok redovna, maloprodajna cena 4977,5 RSD. U izboru plo\u010dica sive boje, ne mo\u017eete pogre\u0161iti.<\/p>\n<p>Kliknite na ime serije za sve plo\u010dice u toj seriji: <a class=\"pdfcatal\" href=\"\/\/www.ceramictiles.com\/pdf\/realonda\/trend.pdf\">Realonda Ceramica Trend<\/a><\/p>\n<p>Da bi naru\u010dili model iz PDF kataloga ove serije, molimo vas, da nas kontaktirate na: <a href=\"mailto:zo_mi@ceramictiles.com\">zo_mi@ceramictiles.com<\/a> ili nas pozovite na: For exact offer, PLS send us quantity and product you need with delivery address..<\/p>\n","protected":false},"excerpt":{"rendered":"<p>Proizvodnja \u0160panije ,koja je poznata u svetu, kao jedana od najboljih proizvo\u0111a\u010da kerami\u010dkih plo\u010dica. Plo\u010dica 31&#215;56 cm je dobra za ve\u0107 razli\u010ditih namena. Plo\u010dica je debela 9 mm, \u0161to je ubraja u tvrde plo\u010dice. Online cena je samo 3982,5 RSD, dok redovna, maloprodajna cena 4977,5 RSD. U izboru plo\u010dica sive boje, ne mo\u017eete pogre\u0161iti. Kliknite [&hellip;]<\/p>\n","protected":false},"featured_media":97465,"template":"","meta":[],"product_cat":[200,220,230,999,999114],"product_tag":[],"_links":{"self":[{"href":"https:\/\/www.keramika.com\/srbija\/wp-json\/wp\/v2\/product\/97464"}],"collection":[{"href":"https:\/\/www.keramika.com\/srbija\/wp-json\/wp\/v2\/product"}],"about":[{"href":"https:\/\/www.keramika.com\/srbija\/wp-json\/wp\/v2\/types\/product"}],"wp:featuredmedia":[{"embeddable":true,"href":"https:\/\/www.keramika.com\/srbija\/wp-json\/wp\/v2\/media\/97465"}],"wp:attachment":[{"href":"https:\/\/www.keramika.com\/srbija\/wp-json\/wp\/v2\/media?parent=97464"}],"wp:term":[{"taxonomy":"product_cat","embeddable":true,"href":"https:\/\/www.keramika.com\/srbija\/wp-json\/wp\/v2\/product_cat?post=97464"},{"taxonomy":"product_tag","embeddable":true,"href":"https:\/\/www.keramika.com\/srbija\/wp-json\/wp\/v2\/product_tag?post=97464"}],"curies":[{"name":"wp","href":"https:\/\/api.w.org\/{rel}","templated":true}]}}