{"id":97454,"date":"2017-07-02T16:43:58","date_gmt":"2017-07-02T16:43:58","guid":{"rendered":"http:\/\/www.ceramictiles.com\/srbija\/product\/realonda-teiki-negro\/"},"modified":"2026-01-05T00:00:46","modified_gmt":"2026-01-05T00:00:46","slug":"realonda-teiki-negro","status":"publish","type":"product","link":"https:\/\/www.keramika.com\/srbija\/realonda-teiki-negro\/","title":{"rendered":"Realonda Teiki Negro"},"content":{"rendered":"<p>Umesto 4413,75 RSD \u0161to je redovna maloprodajna cena keramike, u na\u0161oj online prodavnici, je mo\u017eete dobiti za samo 3531,25 RSD. Ta kolekcija, model plo\u010dice, se prodaje najvi\u0161e crne boje. Ove plo\u010dice dolaze od proizvo\u0111a\u010da Realonda Ceramica, iz \u0160panije. Veli\u010dina 31&#215;56 cm je odli\u010dna za sve podloge. Debljina 9 mm \u010dini plo\u010dicu vrlo izdr\u017eljivom i prijatnom na dodir.<\/p>\n<p>Kliknite na ime serije za sve plo\u010dice u toj seriji: <a class=\"pdfcatal\" href=\"\/\/www.ceramictiles.com\/pdf\/realonda\/teiki.pdf\">Realonda Ceramica Teiki<\/a><\/p>\n<p>Da bi naru\u010dili model iz PDF kataloga ove serije, molimo vas, da nas kontaktirate na: <a href=\"mailto:zo_mi@ceramictiles.com\">zo_mi@ceramictiles.com<\/a> ili nas pozovite na: For exact offer, PLS send us quantity and product you need with delivery address..<\/p>\n","protected":false},"excerpt":{"rendered":"<p>Umesto 4413,75 RSD \u0161to je redovna maloprodajna cena keramike, u na\u0161oj online prodavnici, je mo\u017eete dobiti za samo 3531,25 RSD. Ta kolekcija, model plo\u010dice, se prodaje najvi\u0161e crne boje. Ove plo\u010dice dolaze od proizvo\u0111a\u010da Realonda Ceramica, iz \u0160panije. Veli\u010dina 31&#215;56 cm je odli\u010dna za sve podloge. Debljina 9 mm \u010dini plo\u010dicu vrlo izdr\u017eljivom i prijatnom [&hellip;]<\/p>\n","protected":false},"featured_media":97455,"template":"","meta":[],"product_cat":[200,220,230,999,999114],"product_tag":[],"_links":{"self":[{"href":"https:\/\/www.keramika.com\/srbija\/wp-json\/wp\/v2\/product\/97454"}],"collection":[{"href":"https:\/\/www.keramika.com\/srbija\/wp-json\/wp\/v2\/product"}],"about":[{"href":"https:\/\/www.keramika.com\/srbija\/wp-json\/wp\/v2\/types\/product"}],"wp:featuredmedia":[{"embeddable":true,"href":"https:\/\/www.keramika.com\/srbija\/wp-json\/wp\/v2\/media\/97455"}],"wp:attachment":[{"href":"https:\/\/www.keramika.com\/srbija\/wp-json\/wp\/v2\/media?parent=97454"}],"wp:term":[{"taxonomy":"product_cat","embeddable":true,"href":"https:\/\/www.keramika.com\/srbija\/wp-json\/wp\/v2\/product_cat?post=97454"},{"taxonomy":"product_tag","embeddable":true,"href":"https:\/\/www.keramika.com\/srbija\/wp-json\/wp\/v2\/product_tag?post=97454"}],"curies":[{"name":"wp","href":"https:\/\/api.w.org\/{rel}","templated":true}]}}