{"id":97449,"date":"2017-12-17T16:42:54","date_gmt":"2017-12-17T16:42:54","guid":{"rendered":"http:\/\/www.ceramictiles.com\/srbija\/product\/realonda-tapis\/"},"modified":"2026-01-05T00:00:45","modified_gmt":"2026-01-05T00:00:45","slug":"realonda-tapis","status":"publish","type":"product","link":"https:\/\/www.keramika.com\/srbija\/realonda-tapis\/","title":{"rendered":"Realonda Tapis"},"content":{"rendered":"<p>Ove plo\u010dice dolaze od proizvo\u0111a\u010da Realonda Ceramica, iz \u0160panije. Debljina plo\u010dice, je vrlo va\u017ena 9 mm i ubraja tu plo\u010dicu me\u0111u najkvalitetnije. Plo\u010dice sive boje osvje\u017eit \u0107e svaki prostor. Zbog ni\u017eih tro\u0161kova, online prodaje, Vi \u0107e te na na\u0161oj strani ove plo\u010de platiti samo 3502,5 RSD. \u0160irina i du\u017eina plo\u010dice su 44&#215;44 cm.<\/p>\n<p>Kliknite na ime serije za sve plo\u010dice u toj seriji: <a class=\"pdfcatal\" href=\"\/\/www.ceramictiles.com\/pdf\/realonda\/tapis.pdf\">Realonda Ceramica Tapis<\/a><\/p>\n","protected":false},"excerpt":{"rendered":"<p>Ove plo\u010dice dolaze od proizvo\u0111a\u010da Realonda Ceramica, iz \u0160panije. Debljina plo\u010dice, je vrlo va\u017ena 9 mm i ubraja tu plo\u010dicu me\u0111u najkvalitetnije. Plo\u010dice sive boje osvje\u017eit \u0107e svaki prostor. Zbog ni\u017eih tro\u0161kova, online prodaje, Vi \u0107e te na na\u0161oj strani ove plo\u010de platiti samo 3502,5 RSD. \u0160irina i du\u017eina plo\u010dice su 44&#215;44 cm. Kliknite na [&hellip;]<\/p>\n","protected":false},"featured_media":97450,"template":"","meta":[],"product_cat":[200,220,230,240,260,999,999114],"product_tag":[99950100,99950098,99950099,99950090,99950097],"_links":{"self":[{"href":"https:\/\/www.keramika.com\/srbija\/wp-json\/wp\/v2\/product\/97449"}],"collection":[{"href":"https:\/\/www.keramika.com\/srbija\/wp-json\/wp\/v2\/product"}],"about":[{"href":"https:\/\/www.keramika.com\/srbija\/wp-json\/wp\/v2\/types\/product"}],"wp:featuredmedia":[{"embeddable":true,"href":"https:\/\/www.keramika.com\/srbija\/wp-json\/wp\/v2\/media\/97450"}],"wp:attachment":[{"href":"https:\/\/www.keramika.com\/srbija\/wp-json\/wp\/v2\/media?parent=97449"}],"wp:term":[{"taxonomy":"product_cat","embeddable":true,"href":"https:\/\/www.keramika.com\/srbija\/wp-json\/wp\/v2\/product_cat?post=97449"},{"taxonomy":"product_tag","embeddable":true,"href":"https:\/\/www.keramika.com\/srbija\/wp-json\/wp\/v2\/product_tag?post=97449"}],"curies":[{"name":"wp","href":"https:\/\/api.w.org\/{rel}","templated":true}]}}