{"id":97441,"date":"2017-07-02T16:40:45","date_gmt":"2017-07-02T16:40:45","guid":{"rendered":"http:\/\/www.ceramictiles.com\/srbija\/product\/realonda-slate-indian\/"},"modified":"2026-01-05T00:00:45","modified_gmt":"2026-01-05T00:00:45","slug":"realonda-slate-indian","status":"publish","type":"product","link":"https:\/\/www.keramika.com\/srbija\/realonda-slate-indian\/","title":{"rendered":"Realonda Slate Indian"},"content":{"rendered":"<p>Plo\u010dica na sliki je 44&#215;44 cm. Izuzetno moderne plo\u010dice braon boje, osve\u017eit \u0107e svaki prostor. 9 mm debljine je dovoljno za zahtevnije kupce. U maloprodaji bi morali za tu plo\u010dicu platiti 5312,5 RSD, online cena je samo 4250 RSD. Ove plo\u010dice dolaze od proizvo\u0111a\u010da Realonda Ceramica, iz \u0160panije.<\/p>\n<p>Kliknite na ime serije za sve plo\u010dice u toj seriji: <a class=\"pdfcatal\" href=\"\/\/www.ceramictiles.com\/pdf\/realonda\/slate.pdf\">Realonda Ceramica Slate<\/a><\/p>\n<p>Da bi naru\u010dili model iz PDF kataloga ove serije, molimo vas, da nas kontaktirate na: <a href=\"mailto:zo_mi@ceramictiles.com\">zo_mi@ceramictiles.com<\/a> ili nas pozovite na: For exact offer, PLS send us quantity and product you need with delivery address..<\/p>\n","protected":false},"excerpt":{"rendered":"<p>Plo\u010dica na sliki je 44&#215;44 cm. Izuzetno moderne plo\u010dice braon boje, osve\u017eit \u0107e svaki prostor. 9 mm debljine je dovoljno za zahtevnije kupce. U maloprodaji bi morali za tu plo\u010dicu platiti 5312,5 RSD, online cena je samo 4250 RSD. Ove plo\u010dice dolaze od proizvo\u0111a\u010da Realonda Ceramica, iz \u0160panije. Kliknite na ime serije za sve plo\u010dice [&hellip;]<\/p>\n","protected":false},"featured_media":97442,"template":"","meta":[],"product_cat":[200,220,230,999,999114],"product_tag":[],"_links":{"self":[{"href":"https:\/\/www.keramika.com\/srbija\/wp-json\/wp\/v2\/product\/97441"}],"collection":[{"href":"https:\/\/www.keramika.com\/srbija\/wp-json\/wp\/v2\/product"}],"about":[{"href":"https:\/\/www.keramika.com\/srbija\/wp-json\/wp\/v2\/types\/product"}],"wp:featuredmedia":[{"embeddable":true,"href":"https:\/\/www.keramika.com\/srbija\/wp-json\/wp\/v2\/media\/97442"}],"wp:attachment":[{"href":"https:\/\/www.keramika.com\/srbija\/wp-json\/wp\/v2\/media?parent=97441"}],"wp:term":[{"taxonomy":"product_cat","embeddable":true,"href":"https:\/\/www.keramika.com\/srbija\/wp-json\/wp\/v2\/product_cat?post=97441"},{"taxonomy":"product_tag","embeddable":true,"href":"https:\/\/www.keramika.com\/srbija\/wp-json\/wp\/v2\/product_tag?post=97441"}],"curies":[{"name":"wp","href":"https:\/\/api.w.org\/{rel}","templated":true}]}}