{"id":97418,"date":"2017-07-02T16:34:50","date_gmt":"2017-07-02T16:34:50","guid":{"rendered":"http:\/\/www.ceramictiles.com\/srbija\/product\/realonda-ribera-color\/"},"modified":"2026-01-05T00:00:44","modified_gmt":"2026-01-05T00:00:44","slug":"realonda-ribera-color","status":"publish","type":"product","link":"https:\/\/www.keramika.com\/srbija\/realonda-ribera-color\/","title":{"rendered":"Realonda Ribera Color"},"content":{"rendered":"<p>Ove braon kerami\u010dke plo\u010dice, obogatit \u0107e svaki prostor. Zbog ni\u017eih tro\u0161kova, online prodaje, Vi \u0107e te na na\u0161oj strani ove plo\u010de platiti samo 3982,5 RSD. Veli\u010dina ove plo\u010dice je 31&#215;56 cm. Realonda Ribera Color je proizvod iz \u0160panije te je izuzetno kvalitetna. 9 mm debljina \u0107e zadovoljiti i najzahtevnije kupce.<\/p>\n<p>Kliknite na ime serije za sve plo\u010dice u toj seriji: <a class=\"pdfcatal\" href=\"\/\/www.ceramictiles.com\/pdf\/realonda\/ribera.pdf\">Realonda Ceramica Ribera<\/a><\/p>\n<p>Da bi naru\u010dili model iz PDF kataloga ove serije, molimo vas, da nas kontaktirate na: <a href=\"mailto:zo_mi@ceramictiles.com\">zo_mi@ceramictiles.com<\/a> ili nas pozovite na: For exact offer, PLS send us quantity and product you need with delivery address..<\/p>\n","protected":false},"excerpt":{"rendered":"<p>Ove braon kerami\u010dke plo\u010dice, obogatit \u0107e svaki prostor. Zbog ni\u017eih tro\u0161kova, online prodaje, Vi \u0107e te na na\u0161oj strani ove plo\u010de platiti samo 3982,5 RSD. Veli\u010dina ove plo\u010dice je 31&#215;56 cm. Realonda Ribera Color je proizvod iz \u0160panije te je izuzetno kvalitetna. 9 mm debljina \u0107e zadovoljiti i najzahtevnije kupce. Kliknite na ime serije za [&hellip;]<\/p>\n","protected":false},"featured_media":97419,"template":"","meta":[],"product_cat":[200,220,230,999,999114],"product_tag":[],"_links":{"self":[{"href":"https:\/\/www.keramika.com\/srbija\/wp-json\/wp\/v2\/product\/97418"}],"collection":[{"href":"https:\/\/www.keramika.com\/srbija\/wp-json\/wp\/v2\/product"}],"about":[{"href":"https:\/\/www.keramika.com\/srbija\/wp-json\/wp\/v2\/types\/product"}],"wp:featuredmedia":[{"embeddable":true,"href":"https:\/\/www.keramika.com\/srbija\/wp-json\/wp\/v2\/media\/97419"}],"wp:attachment":[{"href":"https:\/\/www.keramika.com\/srbija\/wp-json\/wp\/v2\/media?parent=97418"}],"wp:term":[{"taxonomy":"product_cat","embeddable":true,"href":"https:\/\/www.keramika.com\/srbija\/wp-json\/wp\/v2\/product_cat?post=97418"},{"taxonomy":"product_tag","embeddable":true,"href":"https:\/\/www.keramika.com\/srbija\/wp-json\/wp\/v2\/product_tag?post=97418"}],"curies":[{"name":"wp","href":"https:\/\/api.w.org\/{rel}","templated":true}]}}