{"id":97413,"date":"2017-07-02T16:33:37","date_gmt":"2017-07-02T16:33:37","guid":{"rendered":"http:\/\/www.ceramictiles.com\/srbija\/product\/realonda-quartz\/"},"modified":"2026-01-05T00:00:44","modified_gmt":"2026-01-05T00:00:44","slug":"realonda-quartz","status":"publish","type":"product","link":"https:\/\/www.keramika.com\/srbija\/realonda-quartz\/","title":{"rendered":"Realonda Quartz"},"content":{"rendered":"<p>Ove plo\u010dice dolaze od proizvo\u0111a\u010da Realonda Ceramica, iz \u0160panije. Plo\u010dica 44&#215;44 cm je dobra za ve\u0107 razli\u010ditih namena. 9 mm debljine je dovoljno za zahtevnije kupce. Ove be\u017e kerami\u010dke plo\u010dice, obogatit \u0107e svaki prostor. 5312,5 RSD je redovna prodajna cena keramike, tu pa samo 4250 RSD.<\/p>\n<p>Kliknite na ime serije za sve plo\u010dice u toj seriji: <a class=\"pdfcatal\" href=\"\/\/www.ceramictiles.com\/pdf\/realonda\/quartz.pdf\">Realonda Ceramica Quartz<\/a><\/p>\n<p>Da bi naru\u010dili model iz PDF kataloga ove serije, molimo vas, da nas kontaktirate na: <a href=\"mailto:zo_mi@ceramictiles.com\">zo_mi@ceramictiles.com<\/a> ili nas pozovite na: For exact offer, PLS send us quantity and product you need with delivery address..<\/p>\n","protected":false},"excerpt":{"rendered":"<p>Ove plo\u010dice dolaze od proizvo\u0111a\u010da Realonda Ceramica, iz \u0160panije. Plo\u010dica 44&#215;44 cm je dobra za ve\u0107 razli\u010ditih namena. 9 mm debljine je dovoljno za zahtevnije kupce. Ove be\u017e kerami\u010dke plo\u010dice, obogatit \u0107e svaki prostor. 5312,5 RSD je redovna prodajna cena keramike, tu pa samo 4250 RSD. Kliknite na ime serije za sve plo\u010dice u toj [&hellip;]<\/p>\n","protected":false},"featured_media":97414,"template":"","meta":[],"product_cat":[200,220,230,999,999114],"product_tag":[],"_links":{"self":[{"href":"https:\/\/www.keramika.com\/srbija\/wp-json\/wp\/v2\/product\/97413"}],"collection":[{"href":"https:\/\/www.keramika.com\/srbija\/wp-json\/wp\/v2\/product"}],"about":[{"href":"https:\/\/www.keramika.com\/srbija\/wp-json\/wp\/v2\/types\/product"}],"wp:featuredmedia":[{"embeddable":true,"href":"https:\/\/www.keramika.com\/srbija\/wp-json\/wp\/v2\/media\/97414"}],"wp:attachment":[{"href":"https:\/\/www.keramika.com\/srbija\/wp-json\/wp\/v2\/media?parent=97413"}],"wp:term":[{"taxonomy":"product_cat","embeddable":true,"href":"https:\/\/www.keramika.com\/srbija\/wp-json\/wp\/v2\/product_cat?post=97413"},{"taxonomy":"product_tag","embeddable":true,"href":"https:\/\/www.keramika.com\/srbija\/wp-json\/wp\/v2\/product_tag?post=97413"}],"curies":[{"name":"wp","href":"https:\/\/api.w.org\/{rel}","templated":true}]}}