{"id":97387,"date":"2017-07-02T16:26:37","date_gmt":"2017-07-02T16:26:37","guid":{"rendered":"http:\/\/www.ceramictiles.com\/srbija\/product\/realonda-orly\/"},"modified":"2026-01-05T00:00:42","modified_gmt":"2026-01-05T00:00:42","slug":"realonda-orly","status":"publish","type":"product","link":"https:\/\/www.keramika.com\/srbija\/realonda-orly\/","title":{"rendered":"Realonda Orly"},"content":{"rendered":"<p>9 mm debljine je dovoljno za zahtevnije kupce. U izboru plo\u010dica bele boje, ne mo\u017eete pogre\u0161iti. Plo\u010dica 44&#215;44 cm je dobra za ve\u0107 razli\u010ditih namena. Plo\u010dice dolaze iz \u0160panije, koja je poznata po kvalitetnoj keramiki. U maloprodaji bi morali za tu plo\u010dicu platiti 4378,75 RSD, online cena je samo 3502,5 RSD.<\/p>\n<p>Kliknite na ime serije za sve plo\u010dice u toj seriji: <a class=\"pdfcatal\" href=\"\/\/www.ceramictiles.com\/pdf\/realonda\/orly.pdf\">Realonda Ceramica Orly<\/a><\/p>\n<p>Da bi naru\u010dili model iz PDF kataloga ove serije, molimo vas, da nas kontaktirate na: <a href=\"mailto:zo_mi@ceramictiles.com\">zo_mi@ceramictiles.com<\/a> ili nas pozovite na: For exact offer, PLS send us quantity and product you need with delivery address..<\/p>\n","protected":false},"excerpt":{"rendered":"<p>9 mm debljine je dovoljno za zahtevnije kupce. U izboru plo\u010dica bele boje, ne mo\u017eete pogre\u0161iti. Plo\u010dica 44&#215;44 cm je dobra za ve\u0107 razli\u010ditih namena. Plo\u010dice dolaze iz \u0160panije, koja je poznata po kvalitetnoj keramiki. U maloprodaji bi morali za tu plo\u010dicu platiti 4378,75 RSD, online cena je samo 3502,5 RSD. Kliknite na ime serije [&hellip;]<\/p>\n","protected":false},"featured_media":97388,"template":"","meta":[],"product_cat":[200,220,230,999,999114],"product_tag":[],"_links":{"self":[{"href":"https:\/\/www.keramika.com\/srbija\/wp-json\/wp\/v2\/product\/97387"}],"collection":[{"href":"https:\/\/www.keramika.com\/srbija\/wp-json\/wp\/v2\/product"}],"about":[{"href":"https:\/\/www.keramika.com\/srbija\/wp-json\/wp\/v2\/types\/product"}],"wp:featuredmedia":[{"embeddable":true,"href":"https:\/\/www.keramika.com\/srbija\/wp-json\/wp\/v2\/media\/97388"}],"wp:attachment":[{"href":"https:\/\/www.keramika.com\/srbija\/wp-json\/wp\/v2\/media?parent=97387"}],"wp:term":[{"taxonomy":"product_cat","embeddable":true,"href":"https:\/\/www.keramika.com\/srbija\/wp-json\/wp\/v2\/product_cat?post=97387"},{"taxonomy":"product_tag","embeddable":true,"href":"https:\/\/www.keramika.com\/srbija\/wp-json\/wp\/v2\/product_tag?post=97387"}],"curies":[{"name":"wp","href":"https:\/\/api.w.org\/{rel}","templated":true}]}}