{"id":97379,"date":"2018-01-06T16:24:37","date_gmt":"2018-01-06T16:24:37","guid":{"rendered":"http:\/\/www.ceramictiles.com\/srbija\/product\/realonda-opal-blanco\/"},"modified":"2026-01-05T00:00:42","modified_gmt":"2026-01-05T00:00:42","slug":"realonda-opal-blanco","status":"publish","type":"product","link":"https:\/\/www.keramika.com\/srbija\/realonda-opal-blanco\/","title":{"rendered":"Realonda Opal Blanco"},"content":{"rendered":"<p>\u0160irina i du\u017eina plo\u010dice su 25&#215;33 cm. 9 mm debljine je dovoljno za zahtevnije kupce. Keramika je prekrasne bele boje. U koliko \u017eelite neku drugu boju, pozovite nas i mi \u0107emo proveriti kod proizvo\u0111a\u010da. Realonda Opal Blanco je proizvod iz \u0160panije te je izuzetno kvalitetna. Online cena je samo 4093,75 RSD, dok redovna, maloprodajna cena 5116,25 RSD.<\/p>\n<p>Kliknite na ime serije za sve plo\u010dice u toj seriji: <a class=\"pdfcatal\" href=\"\/\/www.ceramictiles.com\/pdf\/realonda\/opal.pdf\">Realonda Ceramica Opal<\/a><\/p>\n<p>Technical description: 28,5&#215;33<\/p>\n","protected":false},"excerpt":{"rendered":"<p>Heksagonalne plo\u010dice za pod Realonda<\/p>\n","protected":false},"featured_media":97380,"template":"","meta":[],"product_cat":[99,200,220,230,240,999,999114,250],"product_tag":[99950089,99950098,99950090,99950097],"_links":{"self":[{"href":"https:\/\/www.keramika.com\/srbija\/wp-json\/wp\/v2\/product\/97379"}],"collection":[{"href":"https:\/\/www.keramika.com\/srbija\/wp-json\/wp\/v2\/product"}],"about":[{"href":"https:\/\/www.keramika.com\/srbija\/wp-json\/wp\/v2\/types\/product"}],"wp:featuredmedia":[{"embeddable":true,"href":"https:\/\/www.keramika.com\/srbija\/wp-json\/wp\/v2\/media\/97380"}],"wp:attachment":[{"href":"https:\/\/www.keramika.com\/srbija\/wp-json\/wp\/v2\/media?parent=97379"}],"wp:term":[{"taxonomy":"product_cat","embeddable":true,"href":"https:\/\/www.keramika.com\/srbija\/wp-json\/wp\/v2\/product_cat?post=97379"},{"taxonomy":"product_tag","embeddable":true,"href":"https:\/\/www.keramika.com\/srbija\/wp-json\/wp\/v2\/product_tag?post=97379"}],"curies":[{"name":"wp","href":"https:\/\/api.w.org\/{rel}","templated":true}]}}