{"id":97354,"date":"2017-07-02T16:18:23","date_gmt":"2017-07-02T16:18:23","guid":{"rendered":"http:\/\/www.ceramictiles.com\/srbija\/product\/realonda-medes\/"},"modified":"2026-01-05T00:00:41","modified_gmt":"2026-01-05T00:00:41","slug":"realonda-medes","status":"publish","type":"product","link":"https:\/\/www.keramika.com\/srbija\/realonda-medes\/","title":{"rendered":"Realonda Medes"},"content":{"rendered":"<p>plo\u010dica proizvo\u0111a\u010da Realonda Ceramica iz \u0160panije. Dimenzije ovih plo\u010dica su 44&#215;44 cm. Realonda Medes je dostupna po vrlo povoljnim cenama 3502,5 RSD. Debljina 9 mm \u010dini plo\u010dicu vrlo izdr\u017eljivom i prijatnom na dodir. Ta kolekcija, model plo\u010dice, se prodaje najvi\u0161e plave boje.<\/p>\n<p>Kliknite na ime serije za sve plo\u010dice u toj seriji: <a class=\"pdfcatal\" href=\"\/\/www.ceramictiles.com\/pdf\/realonda\/medes.pdf\">Realonda Ceramica Medes<\/a><\/p>\n<p>Da bi naru\u010dili model iz PDF kataloga ove serije, molimo vas, da nas kontaktirate na: <a href=\"mailto:zo_mi@ceramictiles.com\">zo_mi@ceramictiles.com<\/a> ili nas pozovite na: For exact offer, PLS send us quantity and product you need with delivery address..<\/p>\n","protected":false},"excerpt":{"rendered":"<p>plo\u010dica proizvo\u0111a\u010da Realonda Ceramica iz \u0160panije. Dimenzije ovih plo\u010dica su 44&#215;44 cm. Realonda Medes je dostupna po vrlo povoljnim cenama 3502,5 RSD. Debljina 9 mm \u010dini plo\u010dicu vrlo izdr\u017eljivom i prijatnom na dodir. Ta kolekcija, model plo\u010dice, se prodaje najvi\u0161e plave boje. Kliknite na ime serije za sve plo\u010dice u toj seriji: Realonda Ceramica Medes [&hellip;]<\/p>\n","protected":false},"featured_media":97355,"template":"","meta":[],"product_cat":[200,220,230,999,999114],"product_tag":[],"_links":{"self":[{"href":"https:\/\/www.keramika.com\/srbija\/wp-json\/wp\/v2\/product\/97354"}],"collection":[{"href":"https:\/\/www.keramika.com\/srbija\/wp-json\/wp\/v2\/product"}],"about":[{"href":"https:\/\/www.keramika.com\/srbija\/wp-json\/wp\/v2\/types\/product"}],"wp:featuredmedia":[{"embeddable":true,"href":"https:\/\/www.keramika.com\/srbija\/wp-json\/wp\/v2\/media\/97355"}],"wp:attachment":[{"href":"https:\/\/www.keramika.com\/srbija\/wp-json\/wp\/v2\/media?parent=97354"}],"wp:term":[{"taxonomy":"product_cat","embeddable":true,"href":"https:\/\/www.keramika.com\/srbija\/wp-json\/wp\/v2\/product_cat?post=97354"},{"taxonomy":"product_tag","embeddable":true,"href":"https:\/\/www.keramika.com\/srbija\/wp-json\/wp\/v2\/product_tag?post=97354"}],"curies":[{"name":"wp","href":"https:\/\/api.w.org\/{rel}","templated":true}]}}