{"id":97346,"date":"2017-07-02T16:16:10","date_gmt":"2017-07-02T16:16:10","guid":{"rendered":"http:\/\/www.ceramictiles.com\/srbija\/product\/realonda-masia-cotto\/"},"modified":"2026-01-05T00:00:41","modified_gmt":"2026-01-05T00:00:41","slug":"realonda-masia-cotto","status":"publish","type":"product","link":"https:\/\/www.keramika.com\/srbija\/realonda-masia-cotto\/","title":{"rendered":"Realonda Masia Cotto"},"content":{"rendered":"<p>Ova plo\u010dica je debela 9 mm i zato je izuzetno izdr\u017eljiva. Redovna cena, ovih plo\u010dica u maloprodaji je 4977,5 RSD. U na\u0161oj online trgovini, je mo\u017eete kupiti za 3982,5 RSD. Plo\u010dice be\u017e boje, su letos izuzetno tre\u017eene. Veli\u010dina 31&#215;56 cm je odli\u010dna za sve podloge. plo\u010dica proizvo\u0111a\u010da Realonda Ceramica iz \u0160panije.<\/p>\n<p>Kliknite na ime serije za sve plo\u010dice u toj seriji: <a class=\"pdfcatal\" href=\"\/\/www.ceramictiles.com\/pdf\/realonda\/masia.pdf\">Realonda Ceramica Masia<\/a><\/p>\n<p>Da bi naru\u010dili model iz PDF kataloga ove serije, molimo vas, da nas kontaktirate na: <a href=\"mailto:zo_mi@ceramictiles.com\">zo_mi@ceramictiles.com<\/a> ili nas pozovite na: For exact offer, PLS send us quantity and product you need with delivery address..<\/p>\n","protected":false},"excerpt":{"rendered":"<p>Ova plo\u010dica je debela 9 mm i zato je izuzetno izdr\u017eljiva. Redovna cena, ovih plo\u010dica u maloprodaji je 4977,5 RSD. U na\u0161oj online trgovini, je mo\u017eete kupiti za 3982,5 RSD. Plo\u010dice be\u017e boje, su letos izuzetno tre\u017eene. Veli\u010dina 31&#215;56 cm je odli\u010dna za sve podloge. plo\u010dica proizvo\u0111a\u010da Realonda Ceramica iz \u0160panije. Kliknite na ime serije [&hellip;]<\/p>\n","protected":false},"featured_media":97347,"template":"","meta":[],"product_cat":[200,220,230,999,999114],"product_tag":[],"_links":{"self":[{"href":"https:\/\/www.keramika.com\/srbija\/wp-json\/wp\/v2\/product\/97346"}],"collection":[{"href":"https:\/\/www.keramika.com\/srbija\/wp-json\/wp\/v2\/product"}],"about":[{"href":"https:\/\/www.keramika.com\/srbija\/wp-json\/wp\/v2\/types\/product"}],"wp:featuredmedia":[{"embeddable":true,"href":"https:\/\/www.keramika.com\/srbija\/wp-json\/wp\/v2\/media\/97347"}],"wp:attachment":[{"href":"https:\/\/www.keramika.com\/srbija\/wp-json\/wp\/v2\/media?parent=97346"}],"wp:term":[{"taxonomy":"product_cat","embeddable":true,"href":"https:\/\/www.keramika.com\/srbija\/wp-json\/wp\/v2\/product_cat?post=97346"},{"taxonomy":"product_tag","embeddable":true,"href":"https:\/\/www.keramika.com\/srbija\/wp-json\/wp\/v2\/product_tag?post=97346"}],"curies":[{"name":"wp","href":"https:\/\/api.w.org\/{rel}","templated":true}]}}