{"id":97322,"date":"2017-09-05T16:09:53","date_gmt":"2017-09-05T16:09:53","guid":{"rendered":"http:\/\/www.ceramictiles.com\/srbija\/product\/realonda-lucca-negro\/"},"modified":"2026-01-05T00:00:40","modified_gmt":"2026-01-05T00:00:40","slug":"realonda-lucca-negro","status":"publish","type":"product","link":"https:\/\/www.keramika.com\/srbija\/realonda-lucca-negro\/","title":{"rendered":"Realonda Lucca Negro"},"content":{"rendered":"<p>Zbog ni\u017eih tro\u0161kova, online prodaje, Vi \u0107e te na na\u0161oj strani ove plo\u010de platiti samo 3982,5 RSD. Izuzetno moderne plo\u010dice crne boje, osve\u017eit \u0107e svaki prostor. Debljina plo\u010dice, je vrlo va\u017ena 9 mm i ubraja tu plo\u010dicu me\u0111u najkvalitetnije. Veli\u010dina ove plo\u010dice je 31&#215;56 cm. Proizvodnja \u0160panije ,koja je poznata u svetu, kao jedana od najboljih proizvo\u0111a\u010da kerami\u010dkih plo\u010dica.<\/p>\n<p>Kliknite na ime serije za sve plo\u010dice u toj seriji: <a class=\"pdfcatal\" href=\"\/\/www.ceramictiles.com\/pdf\/realonda\/lucca.pdf\">Realonda Ceramica Lucca<\/a><\/p>\n<p>7 komada \/ kutija<br \/>\n1,21 m2 \/ kutija<br \/>\n24 kg \/ kutija<\/p>\n","protected":false},"excerpt":{"rendered":"<p>3D plo\u010dice imitacija kamena<\/p>\n","protected":false},"featured_media":97323,"template":"","meta":[],"product_cat":[200,220,230,999,290,999114,250],"product_tag":[99950088,99950096,99950098,99950099],"_links":{"self":[{"href":"https:\/\/www.keramika.com\/srbija\/wp-json\/wp\/v2\/product\/97322"}],"collection":[{"href":"https:\/\/www.keramika.com\/srbija\/wp-json\/wp\/v2\/product"}],"about":[{"href":"https:\/\/www.keramika.com\/srbija\/wp-json\/wp\/v2\/types\/product"}],"wp:featuredmedia":[{"embeddable":true,"href":"https:\/\/www.keramika.com\/srbija\/wp-json\/wp\/v2\/media\/97323"}],"wp:attachment":[{"href":"https:\/\/www.keramika.com\/srbija\/wp-json\/wp\/v2\/media?parent=97322"}],"wp:term":[{"taxonomy":"product_cat","embeddable":true,"href":"https:\/\/www.keramika.com\/srbija\/wp-json\/wp\/v2\/product_cat?post=97322"},{"taxonomy":"product_tag","embeddable":true,"href":"https:\/\/www.keramika.com\/srbija\/wp-json\/wp\/v2\/product_tag?post=97322"}],"curies":[{"name":"wp","href":"https:\/\/api.w.org\/{rel}","templated":true}]}}