{"id":97297,"date":"2017-07-02T16:03:48","date_gmt":"2017-07-02T16:03:48","guid":{"rendered":"http:\/\/www.ceramictiles.com\/srbija\/product\/realonda-kimono\/"},"modified":"2026-01-05T00:00:39","modified_gmt":"2026-01-05T00:00:39","slug":"realonda-kimono","status":"publish","type":"product","link":"https:\/\/www.keramika.com\/srbija\/realonda-kimono\/","title":{"rendered":"Realonda Kimono"},"content":{"rendered":"<p>Plo\u010dice dolaze iz \u0160panije, koja je poznata po kvalitetnoj keramiki. 4378,75 RSD je redovna prodajna cena keramike, tu pa samo 3502,5 RSD. Keramika je prekrasne braon boje. U koliko \u017eelite neku drugu boju, pozovite nas i mi \u0107emo proveriti kod proizvo\u0111a\u010da. 9 mm debljine je dovoljno za zahtevnije kupce. Plo\u010dica na sliki je 44&#215;44 cm.<\/p>\n<p>Kliknite na ime serije za sve plo\u010dice u toj seriji: <a class=\"pdfcatal\" href=\"\/\/www.ceramictiles.com\/pdf\/realonda\/kimono.pdf\">Realonda Ceramica Kimono<\/a><\/p>\n<p>Da bi naru\u010dili model iz PDF kataloga ove serije, molimo vas, da nas kontaktirate na: <a href=\"mailto:zo_mi@ceramictiles.com\">zo_mi@ceramictiles.com<\/a> ili nas pozovite na: For exact offer, PLS send us quantity and product you need with delivery address..<\/p>\n","protected":false},"excerpt":{"rendered":"<p>Plo\u010dice dolaze iz \u0160panije, koja je poznata po kvalitetnoj keramiki. 4378,75 RSD je redovna prodajna cena keramike, tu pa samo 3502,5 RSD. Keramika je prekrasne braon boje. U koliko \u017eelite neku drugu boju, pozovite nas i mi \u0107emo proveriti kod proizvo\u0111a\u010da. 9 mm debljine je dovoljno za zahtevnije kupce. Plo\u010dica na sliki je 44&#215;44 cm. [&hellip;]<\/p>\n","protected":false},"featured_media":97298,"template":"","meta":[],"product_cat":[200,220,230,999,999114],"product_tag":[],"_links":{"self":[{"href":"https:\/\/www.keramika.com\/srbija\/wp-json\/wp\/v2\/product\/97297"}],"collection":[{"href":"https:\/\/www.keramika.com\/srbija\/wp-json\/wp\/v2\/product"}],"about":[{"href":"https:\/\/www.keramika.com\/srbija\/wp-json\/wp\/v2\/types\/product"}],"wp:featuredmedia":[{"embeddable":true,"href":"https:\/\/www.keramika.com\/srbija\/wp-json\/wp\/v2\/media\/97298"}],"wp:attachment":[{"href":"https:\/\/www.keramika.com\/srbija\/wp-json\/wp\/v2\/media?parent=97297"}],"wp:term":[{"taxonomy":"product_cat","embeddable":true,"href":"https:\/\/www.keramika.com\/srbija\/wp-json\/wp\/v2\/product_cat?post=97297"},{"taxonomy":"product_tag","embeddable":true,"href":"https:\/\/www.keramika.com\/srbija\/wp-json\/wp\/v2\/product_tag?post=97297"}],"curies":[{"name":"wp","href":"https:\/\/api.w.org\/{rel}","templated":true}]}}