{"id":97292,"date":"2017-07-02T16:02:38","date_gmt":"2017-07-02T16:02:38","guid":{"rendered":"http:\/\/www.ceramictiles.com\/srbija\/product\/realonda-jamaica-marron\/"},"modified":"2026-01-05T00:00:39","modified_gmt":"2026-01-05T00:00:39","slug":"realonda-jamaica-marron","status":"publish","type":"product","link":"https:\/\/www.keramika.com\/srbija\/realonda-jamaica-marron\/","title":{"rendered":"Realonda Jamaica Marron"},"content":{"rendered":"<p>Realonda Jamaica Marron je proizvod iz \u0160panije te je izuzetno kvalitetna. 4977,5 RSD je redovna prodajna cena keramike, tu pa samo 3982,5 RSD. U izboru plo\u010dica braon boje, ne mo\u017eete pogre\u0161iti. Debljina 9 mm \u010dini plo\u010dicu vrlo izdr\u017eljivom i prijatnom na dodir. Dimenzije ovih plo\u010dica su 31&#215;56 cm.<\/p>\n<p>Kliknite na ime serije za sve plo\u010dice u toj seriji: <a class=\"pdfcatal\" href=\"\/\/www.ceramictiles.com\/pdf\/realonda\/jamaica.pdf\">Realonda Ceramica Jamaica<\/a><\/p>\n<p>Da bi naru\u010dili model iz PDF kataloga ove serije, molimo vas, da nas kontaktirate na: <a href=\"mailto:zo_mi@ceramictiles.com\">zo_mi@ceramictiles.com<\/a> ili nas pozovite na: For exact offer, PLS send us quantity and product you need with delivery address..<\/p>\n","protected":false},"excerpt":{"rendered":"<p>Realonda Jamaica Marron je proizvod iz \u0160panije te je izuzetno kvalitetna. 4977,5 RSD je redovna prodajna cena keramike, tu pa samo 3982,5 RSD. U izboru plo\u010dica braon boje, ne mo\u017eete pogre\u0161iti. Debljina 9 mm \u010dini plo\u010dicu vrlo izdr\u017eljivom i prijatnom na dodir. Dimenzije ovih plo\u010dica su 31&#215;56 cm. Kliknite na ime serije za sve plo\u010dice [&hellip;]<\/p>\n","protected":false},"featured_media":97293,"template":"","meta":[],"product_cat":[200,220,230,999,999114],"product_tag":[],"_links":{"self":[{"href":"https:\/\/www.keramika.com\/srbija\/wp-json\/wp\/v2\/product\/97292"}],"collection":[{"href":"https:\/\/www.keramika.com\/srbija\/wp-json\/wp\/v2\/product"}],"about":[{"href":"https:\/\/www.keramika.com\/srbija\/wp-json\/wp\/v2\/types\/product"}],"wp:featuredmedia":[{"embeddable":true,"href":"https:\/\/www.keramika.com\/srbija\/wp-json\/wp\/v2\/media\/97293"}],"wp:attachment":[{"href":"https:\/\/www.keramika.com\/srbija\/wp-json\/wp\/v2\/media?parent=97292"}],"wp:term":[{"taxonomy":"product_cat","embeddable":true,"href":"https:\/\/www.keramika.com\/srbija\/wp-json\/wp\/v2\/product_cat?post=97292"},{"taxonomy":"product_tag","embeddable":true,"href":"https:\/\/www.keramika.com\/srbija\/wp-json\/wp\/v2\/product_tag?post=97292"}],"curies":[{"name":"wp","href":"https:\/\/api.w.org\/{rel}","templated":true}]}}