{"id":97246,"date":"2017-07-02T15:50:42","date_gmt":"2017-07-02T15:50:42","guid":{"rendered":"http:\/\/www.ceramictiles.com\/srbija\/product\/realonda-frame-blanco\/"},"modified":"2026-01-05T00:00:37","modified_gmt":"2026-01-05T00:00:37","slug":"realonda-frame-blanco","status":"publish","type":"product","link":"https:\/\/www.keramika.com\/srbija\/realonda-frame-blanco\/","title":{"rendered":"Realonda Frame Blanco"},"content":{"rendered":"<p>Ove bele kerami\u010dke plo\u010dice, obogatit \u0107e svaki prostor. Veli\u010dina 33,3&#215;33,3 cm je odli\u010dna za sve podloge. Realonda Frame Blanco je proizvod iz \u0160panije te je izuzetno kvalitetna. Redovna cena, ovih plo\u010dica u maloprodaji je 4610 RSD. U na\u0161oj online trgovini, je mo\u017eete kupiti za 3687,5 RSD. Ova plo\u010dica je debela 9 mm i zato je izuzetno izdr\u017eljiva.<\/p>\n<p>Kliknite na ime serije za sve plo\u010dice u toj seriji: <a class=\"pdfcatal\" href=\"\/\/www.ceramictiles.com\/pdf\/realonda\/frame.pdf\">Realonda Ceramica Frame<\/a><\/p>\n<p>Da bi naru\u010dili model iz PDF kataloga ove serije, molimo vas, da nas kontaktirate na: <a href=\"mailto:zo_mi@ceramictiles.com\">zo_mi@ceramictiles.com<\/a> ili nas pozovite na: For exact offer, PLS send us quantity and product you need with delivery address..<\/p>\n","protected":false},"excerpt":{"rendered":"<p>Ove bele kerami\u010dke plo\u010dice, obogatit \u0107e svaki prostor. Veli\u010dina 33,3&#215;33,3 cm je odli\u010dna za sve podloge. Realonda Frame Blanco je proizvod iz \u0160panije te je izuzetno kvalitetna. Redovna cena, ovih plo\u010dica u maloprodaji je 4610 RSD. U na\u0161oj online trgovini, je mo\u017eete kupiti za 3687,5 RSD. Ova plo\u010dica je debela 9 mm i zato je [&hellip;]<\/p>\n","protected":false},"featured_media":97247,"template":"","meta":[],"product_cat":[200,220,230,999,999114],"product_tag":[],"_links":{"self":[{"href":"https:\/\/www.keramika.com\/srbija\/wp-json\/wp\/v2\/product\/97246"}],"collection":[{"href":"https:\/\/www.keramika.com\/srbija\/wp-json\/wp\/v2\/product"}],"about":[{"href":"https:\/\/www.keramika.com\/srbija\/wp-json\/wp\/v2\/types\/product"}],"wp:featuredmedia":[{"embeddable":true,"href":"https:\/\/www.keramika.com\/srbija\/wp-json\/wp\/v2\/media\/97247"}],"wp:attachment":[{"href":"https:\/\/www.keramika.com\/srbija\/wp-json\/wp\/v2\/media?parent=97246"}],"wp:term":[{"taxonomy":"product_cat","embeddable":true,"href":"https:\/\/www.keramika.com\/srbija\/wp-json\/wp\/v2\/product_cat?post=97246"},{"taxonomy":"product_tag","embeddable":true,"href":"https:\/\/www.keramika.com\/srbija\/wp-json\/wp\/v2\/product_tag?post=97246"}],"curies":[{"name":"wp","href":"https:\/\/api.w.org\/{rel}","templated":true}]}}