{"id":97238,"date":"2017-07-02T15:48:42","date_gmt":"2017-07-02T15:48:42","guid":{"rendered":"http:\/\/www.ceramictiles.com\/srbija\/product\/realonda-forest-roble\/"},"modified":"2026-01-05T00:00:37","modified_gmt":"2026-01-05T00:00:37","slug":"realonda-forest-roble","status":"publish","type":"product","link":"https:\/\/www.keramika.com\/srbija\/realonda-forest-roble\/","title":{"rendered":"Realonda Forest Roble"},"content":{"rendered":"<p>Debljina 9 mm \u010dini plo\u010dicu vrlo izdr\u017eljivom i prijatnom na dodir. Realonda Forest Roble je proizvod iz \u0160panije te je izuzetno kvalitetna. Umesto 3906,25 RSD \u0161to je redovna maloprodajna cena keramike, u na\u0161oj online prodavnici, je mo\u017eete dobiti za samo 3125 RSD. Dimenzije ovih plo\u010dica su 31&#215;56 cm. Plo\u010dice be\u017e boje, su letos izuzetno tre\u017eene.<\/p>\n<p>Kliknite na ime serije za sve plo\u010dice u toj seriji: <a class=\"pdfcatal\" href=\"\/\/www.ceramictiles.com\/pdf\/realonda\/forest.pdf\">Realonda Ceramica Forest<\/a><\/p>\n<p>Da bi naru\u010dili model iz PDF kataloga ove serije, molimo vas, da nas kontaktirate na: <a href=\"mailto:zo_mi@ceramictiles.com\">zo_mi@ceramictiles.com<\/a> ili nas pozovite na: For exact offer, PLS send us quantity and product you need with delivery address..<\/p>\n","protected":false},"excerpt":{"rendered":"<p>Debljina 9 mm \u010dini plo\u010dicu vrlo izdr\u017eljivom i prijatnom na dodir. Realonda Forest Roble je proizvod iz \u0160panije te je izuzetno kvalitetna. Umesto 3906,25 RSD \u0161to je redovna maloprodajna cena keramike, u na\u0161oj online prodavnici, je mo\u017eete dobiti za samo 3125 RSD. Dimenzije ovih plo\u010dica su 31&#215;56 cm. Plo\u010dice be\u017e boje, su letos izuzetno tre\u017eene. [&hellip;]<\/p>\n","protected":false},"featured_media":97239,"template":"","meta":[],"product_cat":[200,220,230,999,999114],"product_tag":[],"_links":{"self":[{"href":"https:\/\/www.keramika.com\/srbija\/wp-json\/wp\/v2\/product\/97238"}],"collection":[{"href":"https:\/\/www.keramika.com\/srbija\/wp-json\/wp\/v2\/product"}],"about":[{"href":"https:\/\/www.keramika.com\/srbija\/wp-json\/wp\/v2\/types\/product"}],"wp:featuredmedia":[{"embeddable":true,"href":"https:\/\/www.keramika.com\/srbija\/wp-json\/wp\/v2\/media\/97239"}],"wp:attachment":[{"href":"https:\/\/www.keramika.com\/srbija\/wp-json\/wp\/v2\/media?parent=97238"}],"wp:term":[{"taxonomy":"product_cat","embeddable":true,"href":"https:\/\/www.keramika.com\/srbija\/wp-json\/wp\/v2\/product_cat?post=97238"},{"taxonomy":"product_tag","embeddable":true,"href":"https:\/\/www.keramika.com\/srbija\/wp-json\/wp\/v2\/product_tag?post=97238"}],"curies":[{"name":"wp","href":"https:\/\/api.w.org\/{rel}","templated":true}]}}