{"id":97230,"date":"2017-07-02T15:46:20","date_gmt":"2017-07-02T15:46:20","guid":{"rendered":"http:\/\/www.ceramictiles.com\/srbija\/product\/realonda-evora\/"},"modified":"2026-01-05T00:00:36","modified_gmt":"2026-01-05T00:00:36","slug":"realonda-evora","status":"publish","type":"product","link":"https:\/\/www.keramika.com\/srbija\/realonda-evora\/","title":{"rendered":"Realonda Evora"},"content":{"rendered":"<p>Online cena je samo 3781,25 RSD, dok redovna, maloprodajna cena 4726,25 RSD. Plo\u010dica 15&#215;15 cm je dobra za ve\u0107 razli\u010ditih namena. Proizvodnja \u0160panije ,koja je poznata u svetu, kao jedana od najboljih proizvo\u0111a\u010da kerami\u010dkih plo\u010dica. Plo\u010dica je debela 9 mm, \u0161to je ubraja u tvrde plo\u010dice. Keramika je prekrasne plave boje. U koliko \u017eelite neku drugu boju, pozovite nas i mi \u0107emo proveriti kod proizvo\u0111a\u010da.<\/p>\n<p>Kliknite na ime serije za sve plo\u010dice u toj seriji: <a class=\"pdfcatal\" href=\"\/\/www.ceramictiles.com\/pdf\/realonda\/evora.pdf\">Realonda Ceramica Evora<\/a><\/p>\n<p>Da bi naru\u010dili model iz PDF kataloga ove serije, molimo vas, da nas kontaktirate na: <a href=\"mailto:zo_mi@ceramictiles.com\">zo_mi@ceramictiles.com<\/a> ili nas pozovite na: For exact offer, PLS send us quantity and product you need with delivery address..<\/p>\n<p>Technical description: 16&#215;16<\/p>\n","protected":false},"excerpt":{"rendered":"<p>Online cena je samo 3781,25 RSD, dok redovna, maloprodajna cena 4726,25 RSD. Plo\u010dica 15&#215;15 cm je dobra za ve\u0107 razli\u010ditih namena. Proizvodnja \u0160panije ,koja je poznata u svetu, kao jedana od najboljih proizvo\u0111a\u010da kerami\u010dkih plo\u010dica. Plo\u010dica je debela 9 mm, \u0161to je ubraja u tvrde plo\u010dice. Keramika je prekrasne plave boje. U koliko \u017eelite neku [&hellip;]<\/p>\n","protected":false},"featured_media":97231,"template":"","meta":[],"product_cat":[200,220,230,999,999114],"product_tag":[],"_links":{"self":[{"href":"https:\/\/www.keramika.com\/srbija\/wp-json\/wp\/v2\/product\/97230"}],"collection":[{"href":"https:\/\/www.keramika.com\/srbija\/wp-json\/wp\/v2\/product"}],"about":[{"href":"https:\/\/www.keramika.com\/srbija\/wp-json\/wp\/v2\/types\/product"}],"wp:featuredmedia":[{"embeddable":true,"href":"https:\/\/www.keramika.com\/srbija\/wp-json\/wp\/v2\/media\/97231"}],"wp:attachment":[{"href":"https:\/\/www.keramika.com\/srbija\/wp-json\/wp\/v2\/media?parent=97230"}],"wp:term":[{"taxonomy":"product_cat","embeddable":true,"href":"https:\/\/www.keramika.com\/srbija\/wp-json\/wp\/v2\/product_cat?post=97230"},{"taxonomy":"product_tag","embeddable":true,"href":"https:\/\/www.keramika.com\/srbija\/wp-json\/wp\/v2\/product_tag?post=97230"}],"curies":[{"name":"wp","href":"https:\/\/api.w.org\/{rel}","templated":true}]}}