{"id":97214,"date":"2017-07-02T15:42:12","date_gmt":"2017-07-02T15:42:12","guid":{"rendered":"http:\/\/www.ceramictiles.com\/srbija\/product\/realonda-dubai-beige\/"},"modified":"2026-01-05T00:00:36","modified_gmt":"2026-01-05T00:00:36","slug":"realonda-dubai-beige","status":"publish","type":"product","link":"https:\/\/www.keramika.com\/srbija\/realonda-dubai-beige\/","title":{"rendered":"Realonda Dubai Beige"},"content":{"rendered":"<p>\u0160irina i du\u017eina plo\u010dice su 31&#215;56 cm. Ova plo\u010dica je debela 9 mm i zato je izuzetno izdr\u017eljiva. plo\u010dica proizvo\u0111a\u010da Realonda Ceramica iz \u0160panije. Umesto 3906,25 RSD \u0161to je redovna maloprodajna cena keramike, u na\u0161oj online prodavnici, je mo\u017eete dobiti za samo 3125 RSD. Ove be\u017e kerami\u010dke plo\u010dice, obogatit \u0107e svaki prostor.<\/p>\n<p>Kliknite na ime serije za sve plo\u010dice u toj seriji: <a class=\"pdfcatal\" href=\"\/\/www.ceramictiles.com\/pdf\/realonda\/dubai.pdf\">Realonda Ceramica Dubai<\/a><\/p>\n<p>Da bi naru\u010dili model iz PDF kataloga ove serije, molimo vas, da nas kontaktirate na: <a href=\"mailto:zo_mi@ceramictiles.com\">zo_mi@ceramictiles.com<\/a> ili nas pozovite na: For exact offer, PLS send us quantity and product you need with delivery address..<\/p>\n","protected":false},"excerpt":{"rendered":"<p>\u0160irina i du\u017eina plo\u010dice su 31&#215;56 cm. Ova plo\u010dica je debela 9 mm i zato je izuzetno izdr\u017eljiva. plo\u010dica proizvo\u0111a\u010da Realonda Ceramica iz \u0160panije. Umesto 3906,25 RSD \u0161to je redovna maloprodajna cena keramike, u na\u0161oj online prodavnici, je mo\u017eete dobiti za samo 3125 RSD. Ove be\u017e kerami\u010dke plo\u010dice, obogatit \u0107e svaki prostor. Kliknite na ime [&hellip;]<\/p>\n","protected":false},"featured_media":97215,"template":"","meta":[],"product_cat":[200,220,230,999,999114],"product_tag":[],"_links":{"self":[{"href":"https:\/\/www.keramika.com\/srbija\/wp-json\/wp\/v2\/product\/97214"}],"collection":[{"href":"https:\/\/www.keramika.com\/srbija\/wp-json\/wp\/v2\/product"}],"about":[{"href":"https:\/\/www.keramika.com\/srbija\/wp-json\/wp\/v2\/types\/product"}],"wp:featuredmedia":[{"embeddable":true,"href":"https:\/\/www.keramika.com\/srbija\/wp-json\/wp\/v2\/media\/97215"}],"wp:attachment":[{"href":"https:\/\/www.keramika.com\/srbija\/wp-json\/wp\/v2\/media?parent=97214"}],"wp:term":[{"taxonomy":"product_cat","embeddable":true,"href":"https:\/\/www.keramika.com\/srbija\/wp-json\/wp\/v2\/product_cat?post=97214"},{"taxonomy":"product_tag","embeddable":true,"href":"https:\/\/www.keramika.com\/srbija\/wp-json\/wp\/v2\/product_tag?post=97214"}],"curies":[{"name":"wp","href":"https:\/\/api.w.org\/{rel}","templated":true}]}}