{"id":97200,"date":"2017-07-02T15:38:38","date_gmt":"2017-07-02T15:38:38","guid":{"rendered":"http:\/\/www.ceramictiles.com\/srbija\/product\/realonda-chic-azul\/"},"modified":"2026-01-05T00:00:36","modified_gmt":"2026-01-05T00:00:36","slug":"realonda-chic-azul","status":"publish","type":"product","link":"https:\/\/www.keramika.com\/srbija\/realonda-chic-azul\/","title":{"rendered":"Realonda Chic Azul"},"content":{"rendered":"<p>Plo\u010dica 31&#215;56 cm je dobra za ve\u0107 razli\u010ditih namena. Online cena je samo 3982,5 RSD, dok redovna, maloprodajna cena 4977,5 RSD. Debljina 9 mm \u010dini plo\u010dicu vrlo izdr\u017eljivom i prijatnom na dodir. Realonda Chic Azul je proizvod iz \u0160panije te je izuzetno kvalitetna. Ove be\u017e kerami\u010dke plo\u010dice, obogatit \u0107e svaki prostor.<\/p>\n<p>Kliknite na ime serije za sve plo\u010dice u toj seriji: <a class=\"pdfcatal\" href=\"\/\/www.ceramictiles.com\/pdf\/realonda\/chic.pdf\">Realonda Ceramica Chic<\/a><\/p>\n<p>Da bi naru\u010dili model iz PDF kataloga ove serije, molimo vas, da nas kontaktirate na: <a href=\"mailto:zo_mi@ceramictiles.com\">zo_mi@ceramictiles.com<\/a> ili nas pozovite na: For exact offer, PLS send us quantity and product you need with delivery address..<\/p>\n","protected":false},"excerpt":{"rendered":"<p>Plo\u010dica 31&#215;56 cm je dobra za ve\u0107 razli\u010ditih namena. Online cena je samo 3982,5 RSD, dok redovna, maloprodajna cena 4977,5 RSD. Debljina 9 mm \u010dini plo\u010dicu vrlo izdr\u017eljivom i prijatnom na dodir. Realonda Chic Azul je proizvod iz \u0160panije te je izuzetno kvalitetna. Ove be\u017e kerami\u010dke plo\u010dice, obogatit \u0107e svaki prostor. Kliknite na ime serije [&hellip;]<\/p>\n","protected":false},"featured_media":97201,"template":"","meta":[],"product_cat":[200,220,230,999,999114],"product_tag":[],"_links":{"self":[{"href":"https:\/\/www.keramika.com\/srbija\/wp-json\/wp\/v2\/product\/97200"}],"collection":[{"href":"https:\/\/www.keramika.com\/srbija\/wp-json\/wp\/v2\/product"}],"about":[{"href":"https:\/\/www.keramika.com\/srbija\/wp-json\/wp\/v2\/types\/product"}],"wp:featuredmedia":[{"embeddable":true,"href":"https:\/\/www.keramika.com\/srbija\/wp-json\/wp\/v2\/media\/97201"}],"wp:attachment":[{"href":"https:\/\/www.keramika.com\/srbija\/wp-json\/wp\/v2\/media?parent=97200"}],"wp:term":[{"taxonomy":"product_cat","embeddable":true,"href":"https:\/\/www.keramika.com\/srbija\/wp-json\/wp\/v2\/product_cat?post=97200"},{"taxonomy":"product_tag","embeddable":true,"href":"https:\/\/www.keramika.com\/srbija\/wp-json\/wp\/v2\/product_tag?post=97200"}],"curies":[{"name":"wp","href":"https:\/\/api.w.org\/{rel}","templated":true}]}}