{"id":97184,"date":"2017-12-20T15:33:56","date_gmt":"2017-12-20T15:33:56","guid":{"rendered":"http:\/\/www.ceramictiles.com\/srbija\/product\/realonda-boston-blanco\/"},"modified":"2026-01-05T00:00:35","modified_gmt":"2026-01-05T00:00:35","slug":"realonda-boston-blanco","status":"publish","type":"product","link":"https:\/\/www.keramika.com\/srbija\/realonda-boston-blanco\/","title":{"rendered":"Realonda Boston Blanco"},"content":{"rendered":"<p>\u0160irina i du\u017eina plo\u010dice su 33&#215;60 cm. Zbog ni\u017eih tro\u0161kova, online prodaje, Vi \u0107e te na na\u0161oj strani ove plo\u010de platiti samo 2876,25 RSD. Plo\u010dica je debela 9 mm, \u0161to je ubraja u tvrde plo\u010dice. Realonda Boston Blanco dolazi iz \u0160panije, koja je poznata po vrlo visokoj kvaliteta keramike u svetu. Ove bele kerami\u010dke plo\u010dice, obogatit \u0107e svaki prostor.<\/p>\n<p>Kliknite na ime serije za sve plo\u010dice u toj seriji: <a class=\"pdfcatal\" href=\"\/\/www.ceramictiles.com\/pdf\/realonda\/boston.pdf\">Realonda Ceramica Boston<\/a><\/p>\n<p>[vc_row][vc_column width=&#8220;1\/3&#8243;][vc_single_image source=&#8220;external_link&#8220; onclick=&#8220;link_image&#8220; custom_src=&#8220;https:\/\/www.ceramictiles.com\/images\/realonda\/realonda_boston_aqua.jpg&#8220; el_class=&#8220;eheight&#8220;]<br \/>\n[vc_column_text]<strong><br \/>\nRealonda Boston Aqua<\/strong><br \/>\n<a class=\"pdfcatal\" href=\"\/\/www.ceramictiles.com\/pdf\/catalogue_realonda.pdf\"> PDF Kolekcijski katalog<\/a><br \/>\nZa najbolju ponudu, po\u0161aljite nam boju, dimenzije, koli\u010dinu i adresu za dostavu.<br \/>\n<a href=\"mailto:zo_mi@ceramictiles.com\">Zahtjev za ponudu<\/a>[\/vc_column_text][vc_separator color=&#8220;black&#8220; border_width=&#8220;2&#8243;]<br \/>\n[\/vc_column][vc_column width=&#8220;1\/3&#8243;][vc_single_image source=&#8220;external_link&#8220; onclick=&#8220;link_image&#8220; custom_src=&#8220;https:\/\/www.ceramictiles.com\/images\/realonda\/realonda_boston_blanco.jpg&#8220; el_class=&#8220;eheight&#8220;]<br \/>\n[vc_column_text]<strong><br \/>\nRealonda Boston Blanco<\/strong><br \/>\n<a class=\"pdfcatal\" href=\"\/\/www.ceramictiles.com\/pdf\/catalogue_realonda.pdf\"> PDF Kolekcijski katalog<\/a><br \/>\nZa najbolju ponudu, po\u0161aljite nam boju, dimenzije, koli\u010dinu i adresu za dostavu.<br \/>\n<a href=\"mailto:zo_mi@ceramictiles.com\">Zahtjev za ponudu<\/a>[\/vc_column_text][vc_separator color=&#8220;black&#8220; border_width=&#8220;2&#8243;]<br \/>\n[\/vc_column][vc_column width=&#8220;1\/3&#8243;][vc_single_image source=&#8220;external_link&#8220; onclick=&#8220;link_image&#8220; custom_src=&#8220;https:\/\/www.ceramictiles.com\/images\/realonda\/realonda_boston_cocina_crema.jpg&#8220; el_class=&#8220;eheight&#8220;]<br \/>\n[vc_column_text]<strong><br \/>\nRealonda Boston Cocina Crema<\/strong><br \/>\n<a class=\"pdfcatal\" href=\"\/\/www.ceramictiles.com\/pdf\/catalogue_realonda.pdf\"> PDF Kolekcijski katalog<\/a><br \/>\nZa najbolju ponudu, po\u0161aljite nam boju, dimenzije, koli\u010dinu i adresu za dostavu.<br \/>\n<a href=\"mailto:zo_mi@ceramictiles.com\">Zahtjev za ponudu<\/a>[\/vc_column_text][vc_separator color=&#8220;black&#8220; border_width=&#8220;2&#8243;]<br \/>\n[\/vc_column][vc_column width=&#8220;1\/3&#8243;][vc_single_image source=&#8220;external_link&#8220; onclick=&#8220;link_image&#8220; custom_src=&#8220;https:\/\/www.ceramictiles.com\/images\/realonda\/realonda_boston_crema.jpg&#8220; el_class=&#8220;eheight&#8220;]<br \/>\n[vc_column_text]<strong><br \/>\nRealonda Boston Crema<\/strong><br \/>\n<a class=\"pdfcatal\" href=\"\/\/www.ceramictiles.com\/pdf\/catalogue_realonda.pdf\"> PDF Kolekcijski katalog<\/a><br \/>\nZa najbolju ponudu, po\u0161aljite nam boju, dimenzije, koli\u010dinu i adresu za dostavu.<br \/>\n<a href=\"mailto:zo_mi@ceramictiles.com\">Zahtjev za ponudu<\/a>[\/vc_column_text][vc_separator color=&#8220;black&#8220; border_width=&#8220;2&#8243;]<br \/>\n[\/vc_column][vc_column width=&#8220;1\/3&#8243;][vc_single_image source=&#8220;external_link&#8220; onclick=&#8220;link_image&#8220; custom_src=&#8220;https:\/\/www.ceramictiles.com\/images\/realonda\/realonda_boston_decor_aqua.jpg&#8220; el_class=&#8220;eheight&#8220;]<br \/>\n[vc_column_text]<strong><br \/>\nRealonda Boston Decor Aqua<\/strong><br \/>\n<a class=\"pdfcatal\" href=\"\/\/www.ceramictiles.com\/pdf\/catalogue_realonda.pdf\"> PDF Kolekcijski katalog<\/a><br \/>\nZa najbolju ponudu, po\u0161aljite nam boju, dimenzije, koli\u010dinu i adresu za dostavu.<br \/>\n<a href=\"mailto:zo_mi@ceramictiles.com\">Zahtjev za ponudu<\/a>[\/vc_column_text][vc_separator color=&#8220;black&#8220; border_width=&#8220;2&#8243;]<br \/>\n[\/vc_column][vc_column width=&#8220;1\/3&#8243;][vc_single_image source=&#8220;external_link&#8220; onclick=&#8220;link_image&#8220; custom_src=&#8220;https:\/\/www.ceramictiles.com\/images\/realonda\/realonda_boston_decor_rojo.jpg&#8220; el_class=&#8220;eheight&#8220;]<br \/>\n[vc_column_text]<strong><br \/>\nRealonda Boston Decor Rojo<\/strong><br \/>\n<a class=\"pdfcatal\" href=\"\/\/www.ceramictiles.com\/pdf\/catalogue_realonda.pdf\"> PDF Kolekcijski katalog<\/a><br \/>\nZa najbolju ponudu, po\u0161aljite nam boju, dimenzije, koli\u010dinu i adresu za dostavu.<br \/>\n<a href=\"mailto:zo_mi@ceramictiles.com\">Zahtjev za ponudu<\/a>[\/vc_column_text][vc_separator color=&#8220;black&#8220; border_width=&#8220;2&#8243;]<br \/>\n[\/vc_column][vc_column width=&#8220;1\/3&#8243;][vc_single_image source=&#8220;external_link&#8220; onclick=&#8220;link_image&#8220; custom_src=&#8220;https:\/\/www.ceramictiles.com\/images\/realonda\/realonda_boston_gris.jpg&#8220; el_class=&#8220;eheight&#8220;]<br \/>\n[vc_column_text]<strong><br \/>\nRealonda Boston Gris<\/strong><br \/>\n<a class=\"pdfcatal\" href=\"\/\/www.ceramictiles.com\/pdf\/catalogue_realonda.pdf\"> PDF Kolekcijski katalog<\/a><br \/>\nZa najbolju ponudu, po\u0161aljite nam boju, dimenzije, koli\u010dinu i adresu za dostavu.<br \/>\n<a href=\"mailto:zo_mi@ceramictiles.com\">Zahtjev za ponudu<\/a>[\/vc_column_text][vc_separator color=&#8220;black&#8220; border_width=&#8220;2&#8243;]<br \/>\n[\/vc_column][vc_column width=&#8220;1\/3&#8243;][vc_single_image source=&#8220;external_link&#8220; onclick=&#8220;link_image&#8220; custom_src=&#8220;https:\/\/www.ceramictiles.com\/images\/realonda\/realonda_boston_negro.jpg&#8220; el_class=&#8220;eheight&#8220;]<br \/>\n[vc_column_text]<strong><br \/>\nRealonda Boston Negro<\/strong><br \/>\n<a class=\"pdfcatal\" href=\"\/\/www.ceramictiles.com\/pdf\/catalogue_realonda.pdf\"> PDF Kolekcijski katalog<\/a><br \/>\nZa najbolju ponudu, po\u0161aljite nam boju, dimenzije, koli\u010dinu i adresu za dostavu.<br \/>\n<a href=\"mailto:zo_mi@ceramictiles.com\">Zahtjev za ponudu<\/a>[\/vc_column_text][vc_separator color=&#8220;black&#8220; border_width=&#8220;2&#8243;]<br \/>\n[\/vc_column][vc_column width=&#8220;1\/3&#8243;][vc_single_image source=&#8220;external_link&#8220; onclick=&#8220;link_image&#8220; custom_src=&#8220;https:\/\/www.ceramictiles.com\/images\/realonda\/realonda_boston_rojo.jpg&#8220; el_class=&#8220;eheight&#8220;]<br \/>\n[vc_column_text]<strong><br \/>\nRealonda Boston Rojo<\/strong><br \/>\n<a class=\"pdfcatal\" href=\"\/\/www.ceramictiles.com\/pdf\/catalogue_realonda.pdf\"> PDF Kolekcijski katalog<\/a><br \/>\nZa najbolju ponudu, po\u0161aljite nam boju, dimenzije, koli\u010dinu i adresu za dostavu.<br \/>\n<a href=\"mailto:zo_mi@ceramictiles.com\">Zahtjev za ponudu<\/a>[\/vc_column_text][vc_separator color=&#8220;black&#8220; border_width=&#8220;2&#8243;]<br \/>\n[\/vc_column][vc_column width=&#8220;1\/3&#8243;][vc_single_image source=&#8220;external_link&#8220; onclick=&#8220;link_image&#8220; custom_src=&#8220;https:\/\/www.ceramictiles.com\/images\/realonda\/realonda_boston_trama_aqua.jpg&#8220; el_class=&#8220;eheight&#8220;]<br \/>\n[vc_column_text]<strong><br \/>\nRealonda Boston Trama Aqua<\/strong><br \/>\n<a class=\"pdfcatal\" href=\"\/\/www.ceramictiles.com\/pdf\/catalogue_realonda.pdf\"> PDF Kolekcijski katalog<\/a><br \/>\nZa najbolju ponudu, po\u0161aljite nam boju, dimenzije, koli\u010dinu i adresu za dostavu.<br \/>\n<a href=\"mailto:zo_mi@ceramictiles.com\">Zahtjev za ponudu<\/a>[\/vc_column_text][vc_separator color=&#8220;black&#8220; border_width=&#8220;2&#8243;]<br \/>\n[\/vc_column][vc_column width=&#8220;1\/3&#8243;][vc_single_image source=&#8220;external_link&#8220; onclick=&#8220;link_image&#8220; custom_src=&#8220;https:\/\/www.ceramictiles.com\/images\/realonda\/realonda_boston_trama_blanco.jpg&#8220; el_class=&#8220;eheight&#8220;]<br \/>\n[vc_column_text]<strong><br \/>\nRealonda Boston Trama Blanco<\/strong><br \/>\n<a class=\"pdfcatal\" href=\"\/\/www.ceramictiles.com\/pdf\/catalogue_realonda.pdf\"> PDF Kolekcijski katalog<\/a><br \/>\nZa najbolju ponudu, po\u0161aljite nam boju, dimenzije, koli\u010dinu i adresu za dostavu.<br \/>\n<a href=\"mailto:zo_mi@ceramictiles.com\">Zahtjev za ponudu<\/a>[\/vc_column_text][vc_separator color=&#8220;black&#8220; border_width=&#8220;2&#8243;]<br \/>\n[\/vc_column][vc_column width=&#8220;1\/3&#8243;][vc_single_image source=&#8220;external_link&#8220; onclick=&#8220;link_image&#8220; custom_src=&#8220;https:\/\/www.ceramictiles.com\/images\/realonda\/realonda_boston_trama_crema.jpg&#8220; el_class=&#8220;eheight&#8220;]<br \/>\n[vc_column_text]<strong><br \/>\nRealonda Boston Trama Crema<\/strong><br \/>\n<a class=\"pdfcatal\" href=\"\/\/www.ceramictiles.com\/pdf\/catalogue_realonda.pdf\"> PDF Kolekcijski katalog<\/a><br \/>\nZa najbolju ponudu, po\u0161aljite nam boju, dimenzije, koli\u010dinu i adresu za dostavu.<br \/>\n<a href=\"mailto:zo_mi@ceramictiles.com\">Zahtjev za ponudu<\/a>[\/vc_column_text][vc_separator color=&#8220;black&#8220; border_width=&#8220;2&#8243;]<br \/>\n[\/vc_column][vc_column width=&#8220;1\/3&#8243;][vc_single_image source=&#8220;external_link&#8220; onclick=&#8220;link_image&#8220; custom_src=&#8220;https:\/\/www.ceramictiles.com\/images\/realonda\/realonda_boston_trama_gris.jpg&#8220; el_class=&#8220;eheight&#8220;]<br \/>\n[vc_column_text]<strong><br \/>\nRealonda Boston Trama Gris<\/strong><br \/>\n<a class=\"pdfcatal\" href=\"\/\/www.ceramictiles.com\/pdf\/catalogue_realonda.pdf\"> PDF Kolekcijski katalog<\/a><br \/>\nZa najbolju ponudu, po\u0161aljite nam boju, dimenzije, koli\u010dinu i adresu za dostavu.<br \/>\n<a href=\"mailto:zo_mi@ceramictiles.com\">Zahtjev za ponudu<\/a>[\/vc_column_text][vc_separator color=&#8220;black&#8220; border_width=&#8220;2&#8243;]<br \/>\n[\/vc_column][vc_column width=&#8220;1\/3&#8243;][vc_single_image source=&#8220;external_link&#8220; onclick=&#8220;link_image&#8220; custom_src=&#8220;https:\/\/www.ceramictiles.com\/images\/realonda\/realonda_boston_trama_negro.jpg&#8220; el_class=&#8220;eheight&#8220;]<br \/>\n[vc_column_text]<strong><br \/>\nRealonda Boston Trama Negro<\/strong><br \/>\n<a class=\"pdfcatal\" href=\"\/\/www.ceramictiles.com\/pdf\/catalogue_realonda.pdf\"> PDF Kolekcijski katalog<\/a><br \/>\nZa najbolju ponudu, po\u0161aljite nam boju, dimenzije, koli\u010dinu i adresu za dostavu.<br \/>\n<a href=\"mailto:zo_mi@ceramictiles.com\">Zahtjev za ponudu<\/a>[\/vc_column_text][vc_separator color=&#8220;black&#8220; border_width=&#8220;2&#8243;]<br \/>\n[\/vc_column][vc_column width=&#8220;1\/3&#8243;][vc_single_image source=&#8220;external_link&#8220; onclick=&#8220;link_image&#8220; custom_src=&#8220;https:\/\/www.ceramictiles.com\/images\/realonda\/realonda_boston_trama_rojo.jpg&#8220; el_class=&#8220;eheight&#8220;]<br \/>\n[vc_column_text]<strong><br \/>\nRealonda Boston Trama Rojo<\/strong><br \/>\n<a class=\"pdfcatal\" href=\"\/\/www.ceramictiles.com\/pdf\/catalogue_realonda.pdf\"> PDF Kolekcijski katalog<\/a><br \/>\nZa najbolju ponudu, po\u0161aljite nam boju, dimenzije, koli\u010dinu i adresu za dostavu.<br \/>\n<a href=\"mailto:zo_mi@ceramictiles.com\">Zahtjev za ponudu<\/a>[\/vc_column_text][vc_separator color=&#8220;black&#8220; border_width=&#8220;2&#8243;]<br \/>\n[\/vc_column][\/vc_row]<\/p>\n","protected":false},"excerpt":{"rendered":"<p>3D zidne plo\u010dice u formatu 33&#215;60 (8&#215;15) cm<\/p>\n","protected":false},"featured_media":97185,"template":"","meta":[],"product_cat":[99,200,220,230,999,999114,250],"product_tag":[99950088,99950099,99950090],"_links":{"self":[{"href":"https:\/\/www.keramika.com\/srbija\/wp-json\/wp\/v2\/product\/97184"}],"collection":[{"href":"https:\/\/www.keramika.com\/srbija\/wp-json\/wp\/v2\/product"}],"about":[{"href":"https:\/\/www.keramika.com\/srbija\/wp-json\/wp\/v2\/types\/product"}],"wp:featuredmedia":[{"embeddable":true,"href":"https:\/\/www.keramika.com\/srbija\/wp-json\/wp\/v2\/media\/97185"}],"wp:attachment":[{"href":"https:\/\/www.keramika.com\/srbija\/wp-json\/wp\/v2\/media?parent=97184"}],"wp:term":[{"taxonomy":"product_cat","embeddable":true,"href":"https:\/\/www.keramika.com\/srbija\/wp-json\/wp\/v2\/product_cat?post=97184"},{"taxonomy":"product_tag","embeddable":true,"href":"https:\/\/www.keramika.com\/srbija\/wp-json\/wp\/v2\/product_tag?post=97184"}],"curies":[{"name":"wp","href":"https:\/\/api.w.org\/{rel}","templated":true}]}}