{"id":97161,"date":"2017-07-02T15:27:30","date_gmt":"2017-07-02T15:27:30","guid":{"rendered":"http:\/\/www.ceramictiles.com\/srbija\/product\/realonda-antiga\/"},"modified":"2026-01-05T00:00:34","modified_gmt":"2026-01-05T00:00:34","slug":"realonda-antiga","status":"publish","type":"product","link":"https:\/\/www.keramika.com\/srbija\/realonda-antiga\/","title":{"rendered":"Realonda Antiga"},"content":{"rendered":"<p>Ove plo\u010dice dolaze od proizvo\u0111a\u010da Realonda Ceramica, iz \u0160panije. Debljina plo\u010dice, je vrlo va\u017ena 9 mm i ubraja tu plo\u010dicu me\u0111u najkvalitetnije. Realonda Antiga je dostupna po vrlo povoljnim cenama 4250 RSD. Veli\u010dina 44&#215;44 cm je odli\u010dna za sve podloge. Plo\u010dice sive boje, su letos izuzetno tre\u017eene.<\/p>\n<p>Kliknite na ime serije za sve plo\u010dice u toj seriji: <a class=\"pdfcatal\" href=\"\/\/www.ceramictiles.com\/pdf\/realonda\/antiga.pdf\" onclick=\"recordOutboundLink(this, 'E-mail', 'Description PDF');return false;\">Realonda Ceramica Antiga<\/a><\/p>\n<p>Da bi naru\u010dili model iz PDF kataloga ove serije, molimo vas, da nas kontaktirate na: <a href=\"mailto:zo_mi@ceramictiles.com\" onclick=\"recordOutboundLink(this, 'E-mail', 'Description mail');return false;\">zo_mi@ceramictiles.com<\/a> ili nas pozovite na: For exact offer, PLS send us quantity and product you need with delivery address..<\/p>\n","protected":false},"excerpt":{"rendered":"<p>Ove plo\u010dice dolaze od proizvo\u0111a\u010da Realonda Ceramica, iz \u0160panije. Debljina plo\u010dice, je vrlo va\u017ena 9 mm i ubraja tu plo\u010dicu me\u0111u najkvalitetnije. Realonda Antiga je dostupna po vrlo povoljnim cenama 4250 RSD. Veli\u010dina 44&#215;44 cm je odli\u010dna za sve podloge. Plo\u010dice sive boje, su letos izuzetno tre\u017eene. Kliknite na ime serije za sve plo\u010dice u [&hellip;]<\/p>\n","protected":false},"featured_media":97162,"template":"","meta":[],"product_cat":[200,220,230,999,999114],"product_tag":[],"_links":{"self":[{"href":"https:\/\/www.keramika.com\/srbija\/wp-json\/wp\/v2\/product\/97161"}],"collection":[{"href":"https:\/\/www.keramika.com\/srbija\/wp-json\/wp\/v2\/product"}],"about":[{"href":"https:\/\/www.keramika.com\/srbija\/wp-json\/wp\/v2\/types\/product"}],"wp:featuredmedia":[{"embeddable":true,"href":"https:\/\/www.keramika.com\/srbija\/wp-json\/wp\/v2\/media\/97162"}],"wp:attachment":[{"href":"https:\/\/www.keramika.com\/srbija\/wp-json\/wp\/v2\/media?parent=97161"}],"wp:term":[{"taxonomy":"product_cat","embeddable":true,"href":"https:\/\/www.keramika.com\/srbija\/wp-json\/wp\/v2\/product_cat?post=97161"},{"taxonomy":"product_tag","embeddable":true,"href":"https:\/\/www.keramika.com\/srbija\/wp-json\/wp\/v2\/product_tag?post=97161"}],"curies":[{"name":"wp","href":"https:\/\/api.w.org\/{rel}","templated":true}]}}