{"id":97137,"date":"2017-07-02T15:21:15","date_gmt":"2017-07-02T15:21:15","guid":{"rendered":"http:\/\/www.ceramictiles.com\/srbija\/product\/mayolica-prestige-crema\/"},"modified":"2026-01-05T00:00:34","modified_gmt":"2026-01-05T00:00:34","slug":"mayolica-prestige-crema","status":"publish","type":"product","link":"https:\/\/www.keramika.com\/srbija\/mayolica-prestige-crema\/","title":{"rendered":"Mayolica Prestige Crema"},"content":{"rendered":"<p>Plo\u010dica je debela 7 mm, \u0161to je ubraja u tvrde plo\u010dice. Veli\u010dina plo\u010dice je 20&#215;20 cm i odli\u010dna je za razli\u010dite povr\u0161ine. Plo\u010dice be\u017e boje, su letos izuzetno tre\u017eene. Zbog ni\u017eih tro\u0161kova, online prodaje, Vi \u0107e te na na\u0161oj strani ove plo\u010de platiti samo 1512,5 RSD. plo\u010dica proizvo\u0111a\u010da Mayolica Ceramica iz \u0160panije.<\/p>\n<p>Kliknite na ime serije za sve plo\u010dice u toj seriji: <a class=\"pdfcatal\" href=\"\/\/www.ceramictiles.com\/pdf\/mayolica\/mayolica_prestige.pdf\" onclick=\"recordOutboundLink(this, 'E-mail', 'Description PDF');return false;\">Mayolica Ceramica Prestige<\/a><\/p>\n<p>Da bi naru\u010dili model iz PDF kataloga ove serije, molimo vas, da nas kontaktirate na: <a href=\"mailto:zo_mi@ceramictiles.com\" onclick=\"recordOutboundLink(this, 'E-mail', 'Description mail');return false;\">zo_mi@ceramictiles.com<\/a> ili nas pozovite na: For exact offer, PLS send us quantity and product you need with delivery address..<\/p>\n","protected":false},"excerpt":{"rendered":"<p>Plo\u010dica je debela 7 mm, \u0161to je ubraja u tvrde plo\u010dice. Veli\u010dina plo\u010dice je 20&#215;20 cm i odli\u010dna je za razli\u010dite povr\u0161ine. Plo\u010dice be\u017e boje, su letos izuzetno tre\u017eene. Zbog ni\u017eih tro\u0161kova, online prodaje, Vi \u0107e te na na\u0161oj strani ove plo\u010de platiti samo 1512,5 RSD. plo\u010dica proizvo\u0111a\u010da Mayolica Ceramica iz \u0160panije. Kliknite na ime [&hellip;]<\/p>\n","protected":false},"featured_media":97138,"template":"","meta":[],"product_cat":[99,200,230,999830,999,250],"product_tag":[],"_links":{"self":[{"href":"https:\/\/www.keramika.com\/srbija\/wp-json\/wp\/v2\/product\/97137"}],"collection":[{"href":"https:\/\/www.keramika.com\/srbija\/wp-json\/wp\/v2\/product"}],"about":[{"href":"https:\/\/www.keramika.com\/srbija\/wp-json\/wp\/v2\/types\/product"}],"wp:featuredmedia":[{"embeddable":true,"href":"https:\/\/www.keramika.com\/srbija\/wp-json\/wp\/v2\/media\/97138"}],"wp:attachment":[{"href":"https:\/\/www.keramika.com\/srbija\/wp-json\/wp\/v2\/media?parent=97137"}],"wp:term":[{"taxonomy":"product_cat","embeddable":true,"href":"https:\/\/www.keramika.com\/srbija\/wp-json\/wp\/v2\/product_cat?post=97137"},{"taxonomy":"product_tag","embeddable":true,"href":"https:\/\/www.keramika.com\/srbija\/wp-json\/wp\/v2\/product_tag?post=97137"}],"curies":[{"name":"wp","href":"https:\/\/api.w.org\/{rel}","templated":true}]}}