{"id":97121,"date":"2017-07-02T15:17:46","date_gmt":"2017-07-02T15:17:46","guid":{"rendered":"http:\/\/www.ceramictiles.com\/srbija\/product\/mayolica-madera-roble\/"},"modified":"2026-01-05T00:00:33","modified_gmt":"2026-01-05T00:00:33","slug":"mayolica-madera-roble","status":"publish","type":"product","link":"https:\/\/www.keramika.com\/srbija\/mayolica-madera-roble\/","title":{"rendered":"Mayolica Madera Roble"},"content":{"rendered":"<p>Redovna cena, ovih plo\u010dica u maloprodaji je 2750 RSD. U na\u0161oj online trgovini, je mo\u017eete kupiti za 2200 RSD. \u0160irina i du\u017eina plo\u010dice su 31,6&#215;75,6 cm. 9 mm debljine je dovoljno za zahtevnije kupce. Izuzetno moderne plo\u010dice be\u017e boje, osve\u017eit \u0107e svaki prostor. plo\u010dica proizvo\u0111a\u010da Mayolica Ceramica iz \u0160panije.<\/p>\n<p>Kliknite na ime serije za sve plo\u010dice u toj seriji: <a class=\"pdfcatal\" href=\"\/\/www.ceramictiles.com\/pdf\/mayolica\/mayolica_madera.pdf\" onclick=\"recordOutboundLink(this, 'E-mail', 'Description PDF');return false;\">Mayolica Ceramica Madera<\/a><\/p>\n<p>Da bi naru\u010dili model iz PDF kataloga ove serije, molimo vas, da nas kontaktirate na: <a href=\"mailto:zo_mi@ceramictiles.com\" onclick=\"recordOutboundLink(this, 'E-mail', 'Description mail');return false;\">zo_mi@ceramictiles.com<\/a> ili nas pozovite na: For exact offer, PLS send us quantity and product you need with delivery address..<\/p>\n<p>Technical description: 20&#215;80<\/p>\n","protected":false},"excerpt":{"rendered":"<p>Redovna cena, ovih plo\u010dica u maloprodaji je 2750 RSD. U na\u0161oj online trgovini, je mo\u017eete kupiti za 2200 RSD. \u0160irina i du\u017eina plo\u010dice su 31,6&#215;75,6 cm. 9 mm debljine je dovoljno za zahtevnije kupce. Izuzetno moderne plo\u010dice be\u017e boje, osve\u017eit \u0107e svaki prostor. plo\u010dica proizvo\u0111a\u010da Mayolica Ceramica iz \u0160panije. Kliknite na ime serije za sve [&hellip;]<\/p>\n","protected":false},"featured_media":97122,"template":"","meta":[],"product_cat":[99,200,230,999830,999,250],"product_tag":[],"_links":{"self":[{"href":"https:\/\/www.keramika.com\/srbija\/wp-json\/wp\/v2\/product\/97121"}],"collection":[{"href":"https:\/\/www.keramika.com\/srbija\/wp-json\/wp\/v2\/product"}],"about":[{"href":"https:\/\/www.keramika.com\/srbija\/wp-json\/wp\/v2\/types\/product"}],"wp:featuredmedia":[{"embeddable":true,"href":"https:\/\/www.keramika.com\/srbija\/wp-json\/wp\/v2\/media\/97122"}],"wp:attachment":[{"href":"https:\/\/www.keramika.com\/srbija\/wp-json\/wp\/v2\/media?parent=97121"}],"wp:term":[{"taxonomy":"product_cat","embeddable":true,"href":"https:\/\/www.keramika.com\/srbija\/wp-json\/wp\/v2\/product_cat?post=97121"},{"taxonomy":"product_tag","embeddable":true,"href":"https:\/\/www.keramika.com\/srbija\/wp-json\/wp\/v2\/product_tag?post=97121"}],"curies":[{"name":"wp","href":"https:\/\/api.w.org\/{rel}","templated":true}]}}