{"id":97105,"date":"2017-07-02T15:13:58","date_gmt":"2017-07-02T15:13:58","guid":{"rendered":"http:\/\/www.ceramictiles.com\/srbija\/product\/mayolica-dakar-marfil\/"},"modified":"2026-01-05T00:00:33","modified_gmt":"2026-01-05T00:00:33","slug":"mayolica-dakar-marfil","status":"publish","type":"product","link":"https:\/\/www.keramika.com\/srbija\/mayolica-dakar-marfil\/","title":{"rendered":"Mayolica Dakar Marfil"},"content":{"rendered":"<p>\u0160irina i du\u017eina plo\u010dice su 20&#215;20 cm. Umesto 1891,25 RSD \u0161to je redovna maloprodajna cena keramike, u na\u0161oj online prodavnici, je mo\u017eete dobiti za samo 1512,5 RSD. Ove be\u017e kerami\u010dke plo\u010dice, obogatit \u0107e svaki prostor. Debljina plo\u010dice, je vrlo va\u017ena 7 mm i ubraja tu plo\u010dicu me\u0111u najkvalitetnije. Ove plo\u010dice dolaze od proizvo\u0111a\u010da Mayolica Ceramica, iz \u0160panije.<\/p>\n<p>Kliknite na ime serije za sve plo\u010dice u toj seriji: <a class=\"pdfcatal\" href=\"\/\/www.ceramictiles.com\/pdf\/mayolica\/mayolica_dakar.pdf\" onclick=\"recordOutboundLink(this, 'E-mail', 'Description PDF');return false;\">Mayolica Ceramica Dakar<\/a><\/p>\n<p>Da bi naru\u010dili model iz PDF kataloga ove serije, molimo vas, da nas kontaktirate na: <a href=\"mailto:zo_mi@ceramictiles.com\" onclick=\"recordOutboundLink(this, 'E-mail', 'Description mail');return false;\">zo_mi@ceramictiles.com<\/a> ili nas pozovite na: For exact offer, PLS send us quantity and product you need with delivery address..<\/p>\n","protected":false},"excerpt":{"rendered":"<p>\u0160irina i du\u017eina plo\u010dice su 20&#215;20 cm. Umesto 1891,25 RSD \u0161to je redovna maloprodajna cena keramike, u na\u0161oj online prodavnici, je mo\u017eete dobiti za samo 1512,5 RSD. Ove be\u017e kerami\u010dke plo\u010dice, obogatit \u0107e svaki prostor. Debljina plo\u010dice, je vrlo va\u017ena 7 mm i ubraja tu plo\u010dicu me\u0111u najkvalitetnije. Ove plo\u010dice dolaze od proizvo\u0111a\u010da Mayolica Ceramica, [&hellip;]<\/p>\n","protected":false},"featured_media":97106,"template":"","meta":[],"product_cat":[99,200,230,999830,999,250],"product_tag":[],"_links":{"self":[{"href":"https:\/\/www.keramika.com\/srbija\/wp-json\/wp\/v2\/product\/97105"}],"collection":[{"href":"https:\/\/www.keramika.com\/srbija\/wp-json\/wp\/v2\/product"}],"about":[{"href":"https:\/\/www.keramika.com\/srbija\/wp-json\/wp\/v2\/types\/product"}],"wp:featuredmedia":[{"embeddable":true,"href":"https:\/\/www.keramika.com\/srbija\/wp-json\/wp\/v2\/media\/97106"}],"wp:attachment":[{"href":"https:\/\/www.keramika.com\/srbija\/wp-json\/wp\/v2\/media?parent=97105"}],"wp:term":[{"taxonomy":"product_cat","embeddable":true,"href":"https:\/\/www.keramika.com\/srbija\/wp-json\/wp\/v2\/product_cat?post=97105"},{"taxonomy":"product_tag","embeddable":true,"href":"https:\/\/www.keramika.com\/srbija\/wp-json\/wp\/v2\/product_tag?post=97105"}],"curies":[{"name":"wp","href":"https:\/\/api.w.org\/{rel}","templated":true}]}}