{"id":97097,"date":"2017-07-02T15:12:27","date_gmt":"2017-07-02T15:12:27","guid":{"rendered":"http:\/\/www.ceramictiles.com\/srbija\/product\/mayolica-colours-azul\/"},"modified":"2026-01-05T00:00:33","modified_gmt":"2026-01-05T00:00:33","slug":"mayolica-colours-azul","status":"publish","type":"product","link":"https:\/\/www.keramika.com\/srbija\/mayolica-colours-azul\/","title":{"rendered":"Mayolica Colours Azul"},"content":{"rendered":"<p>Umesto 2750 RSD \u0161to je redovna maloprodajna cena keramike, u na\u0161oj online prodavnici, je mo\u017eete dobiti za samo 2200 RSD. Plo\u010dice plave boje, su letos izuzetno tre\u017eene. 9 mm debljine je dovoljno za zahtevnije kupce. Mayolica Colours Azul je proizvod iz \u0160panije te je izuzetno kvalitetna. Plo\u010dica 31,6&#215;75,6 cm je dobra za ve\u0107 razli\u010ditih namena.<\/p>\n<p>Kliknite na ime serije za sve plo\u010dice u toj seriji: <a class=\"pdfcatal\" href=\"\/\/www.ceramictiles.com\/pdf\/mayolica\/mayolica_colours.pdf\" onclick=\"recordOutboundLink(this, 'E-mail', 'Description PDF');return false;\">Mayolica Ceramica Colours<\/a><\/p>\n<p>Da bi naru\u010dili model iz PDF kataloga ove serije, molimo vas, da nas kontaktirate na: <a href=\"mailto:zo_mi@ceramictiles.com\" onclick=\"recordOutboundLink(this, 'E-mail', 'Description mail');return false;\">zo_mi@ceramictiles.com<\/a> ili nas pozovite na: For exact offer, PLS send us quantity and product you need with delivery address..<\/p>\n<p>Technical description: 20&#215;80<\/p>\n","protected":false},"excerpt":{"rendered":"<p>Umesto 2750 RSD \u0161to je redovna maloprodajna cena keramike, u na\u0161oj online prodavnici, je mo\u017eete dobiti za samo 2200 RSD. Plo\u010dice plave boje, su letos izuzetno tre\u017eene. 9 mm debljine je dovoljno za zahtevnije kupce. Mayolica Colours Azul je proizvod iz \u0160panije te je izuzetno kvalitetna. Plo\u010dica 31,6&#215;75,6 cm je dobra za ve\u0107 razli\u010ditih namena. [&hellip;]<\/p>\n","protected":false},"featured_media":97098,"template":"","meta":[],"product_cat":[99,200,230,999830,999,250],"product_tag":[],"_links":{"self":[{"href":"https:\/\/www.keramika.com\/srbija\/wp-json\/wp\/v2\/product\/97097"}],"collection":[{"href":"https:\/\/www.keramika.com\/srbija\/wp-json\/wp\/v2\/product"}],"about":[{"href":"https:\/\/www.keramika.com\/srbija\/wp-json\/wp\/v2\/types\/product"}],"wp:featuredmedia":[{"embeddable":true,"href":"https:\/\/www.keramika.com\/srbija\/wp-json\/wp\/v2\/media\/97098"}],"wp:attachment":[{"href":"https:\/\/www.keramika.com\/srbija\/wp-json\/wp\/v2\/media?parent=97097"}],"wp:term":[{"taxonomy":"product_cat","embeddable":true,"href":"https:\/\/www.keramika.com\/srbija\/wp-json\/wp\/v2\/product_cat?post=97097"},{"taxonomy":"product_tag","embeddable":true,"href":"https:\/\/www.keramika.com\/srbija\/wp-json\/wp\/v2\/product_tag?post=97097"}],"curies":[{"name":"wp","href":"https:\/\/api.w.org\/{rel}","templated":true}]}}