{"id":97081,"date":"2017-07-02T15:09:19","date_gmt":"2017-07-02T15:09:19","guid":{"rendered":"http:\/\/www.ceramictiles.com\/srbija\/product\/mayolica-brescia-crema\/"},"modified":"2026-01-05T00:00:32","modified_gmt":"2026-01-05T00:00:32","slug":"mayolica-brescia-crema","status":"publish","type":"product","link":"https:\/\/www.keramika.com\/srbija\/mayolica-brescia-crema\/","title":{"rendered":"Mayolica Brescia Crema"},"content":{"rendered":"<p>Redovna cena, ovih plo\u010dica u maloprodaji je 2750 RSD. U na\u0161oj online trgovini, je mo\u017eete kupiti za 2200 RSD. Izuzetno moderne plo\u010dice be\u017e boje, osve\u017eit \u0107e svaki prostor. Plo\u010dica je debela 9 mm, \u0161to je ubraja u tvrde plo\u010dice. Plo\u010dica 31,6&#215;75,6 cm je dobra za ve\u0107 razli\u010ditih namena. plo\u010dica proizvo\u0111a\u010da Mayolica Ceramica iz \u0160panije.<\/p>\n<p>Kliknite na ime serije za sve plo\u010dice u toj seriji: <a class=\"pdfcatal\" href=\"\/\/www.ceramictiles.com\/pdf\/mayolica\/mayolica_brescia.pdf\" onclick=\"recordOutboundLink(this, 'E-mail', 'Description PDF');return false;\">Mayolica Ceramica Brescia<\/a><\/p>\n<p>Da bi naru\u010dili model iz PDF kataloga ove serije, molimo vas, da nas kontaktirate na: <a href=\"mailto:zo_mi@ceramictiles.com\" onclick=\"recordOutboundLink(this, 'E-mail', 'Description mail');return false;\">zo_mi@ceramictiles.com<\/a> ili nas pozovite na: For exact offer, PLS send us quantity and product you need with delivery address..<\/p>\n","protected":false},"excerpt":{"rendered":"<p>Redovna cena, ovih plo\u010dica u maloprodaji je 2750 RSD. U na\u0161oj online trgovini, je mo\u017eete kupiti za 2200 RSD. Izuzetno moderne plo\u010dice be\u017e boje, osve\u017eit \u0107e svaki prostor. Plo\u010dica je debela 9 mm, \u0161to je ubraja u tvrde plo\u010dice. Plo\u010dica 31,6&#215;75,6 cm je dobra za ve\u0107 razli\u010ditih namena. plo\u010dica proizvo\u0111a\u010da Mayolica Ceramica iz \u0160panije. Kliknite [&hellip;]<\/p>\n","protected":false},"featured_media":97082,"template":"","meta":[],"product_cat":[99,200,230,999830,999,250],"product_tag":[],"_links":{"self":[{"href":"https:\/\/www.keramika.com\/srbija\/wp-json\/wp\/v2\/product\/97081"}],"collection":[{"href":"https:\/\/www.keramika.com\/srbija\/wp-json\/wp\/v2\/product"}],"about":[{"href":"https:\/\/www.keramika.com\/srbija\/wp-json\/wp\/v2\/types\/product"}],"wp:featuredmedia":[{"embeddable":true,"href":"https:\/\/www.keramika.com\/srbija\/wp-json\/wp\/v2\/media\/97082"}],"wp:attachment":[{"href":"https:\/\/www.keramika.com\/srbija\/wp-json\/wp\/v2\/media?parent=97081"}],"wp:term":[{"taxonomy":"product_cat","embeddable":true,"href":"https:\/\/www.keramika.com\/srbija\/wp-json\/wp\/v2\/product_cat?post=97081"},{"taxonomy":"product_tag","embeddable":true,"href":"https:\/\/www.keramika.com\/srbija\/wp-json\/wp\/v2\/product_tag?post=97081"}],"curies":[{"name":"wp","href":"https:\/\/api.w.org\/{rel}","templated":true}]}}