{"id":97049,"date":"2017-07-02T15:02:38","date_gmt":"2017-07-02T15:02:38","guid":{"rendered":"http:\/\/www.ceramictiles.com\/srbija\/product\/mayolica-altair-gris\/"},"modified":"2026-01-05T00:00:32","modified_gmt":"2026-01-05T00:00:32","slug":"mayolica-altair-gris","status":"publish","type":"product","link":"https:\/\/www.keramika.com\/srbija\/mayolica-altair-gris\/","title":{"rendered":"Mayolica Altair\u00a0Gris"},"content":{"rendered":"<p>9 mm debljina \u0107e zadovoljiti i najzahtevnije kupce. Plo\u010dica 22,5&#215;90 cm je dobra za ve\u0107 razli\u010ditih namena. Plo\u010dice dolaze iz \u0160panije, koja je poznata po kvalitetnoj keramiki. Mayolica Altair\u00a0Gris je dostupna po vrlo povoljnim cenama 3286,25 RSD. Ove sive kerami\u010dke plo\u010dice, obogatit \u0107e svaki prostor.<\/p>\n<p>Kliknite na ime serije za sve plo\u010dice u toj seriji: <a class=\"pdfcatal\" href=\"\/\/www.ceramictiles.com\/pdf\/mayolica\/mayolica_altair\u00a0.pdf\" onclick=\"recordOutboundLink(this, 'E-mail', 'Description PDF');return false;\">Mayolica Ceramica Altair<\/a><\/p>\n<p>Da bi naru\u010dili model iz PDF kataloga ove serije, molimo vas, da nas kontaktirate na: <a href=\"mailto:zo_mi@ceramictiles.com\" onclick=\"recordOutboundLink(this, 'E-mail', 'Description mail');return false;\">zo_mi@ceramictiles.com<\/a> ili nas pozovite na: For exact offer, PLS send us quantity and product you need with delivery address..<\/p>\n<p>Technical description: 23&#215;95<\/p>\n","protected":false},"excerpt":{"rendered":"<p>9 mm debljina \u0107e zadovoljiti i najzahtevnije kupce. Plo\u010dica 22,5&#215;90 cm je dobra za ve\u0107 razli\u010ditih namena. Plo\u010dice dolaze iz \u0160panije, koja je poznata po kvalitetnoj keramiki. Mayolica Altair\u00a0Gris je dostupna po vrlo povoljnim cenama 3286,25 RSD. Ove sive kerami\u010dke plo\u010dice, obogatit \u0107e svaki prostor. Kliknite na ime serije za sve plo\u010dice u toj seriji: [&hellip;]<\/p>\n","protected":false},"featured_media":97050,"template":"","meta":[],"product_cat":[99,200,230,999830,999,250],"product_tag":[],"_links":{"self":[{"href":"https:\/\/www.keramika.com\/srbija\/wp-json\/wp\/v2\/product\/97049"}],"collection":[{"href":"https:\/\/www.keramika.com\/srbija\/wp-json\/wp\/v2\/product"}],"about":[{"href":"https:\/\/www.keramika.com\/srbija\/wp-json\/wp\/v2\/types\/product"}],"wp:featuredmedia":[{"embeddable":true,"href":"https:\/\/www.keramika.com\/srbija\/wp-json\/wp\/v2\/media\/97050"}],"wp:attachment":[{"href":"https:\/\/www.keramika.com\/srbija\/wp-json\/wp\/v2\/media?parent=97049"}],"wp:term":[{"taxonomy":"product_cat","embeddable":true,"href":"https:\/\/www.keramika.com\/srbija\/wp-json\/wp\/v2\/product_cat?post=97049"},{"taxonomy":"product_tag","embeddable":true,"href":"https:\/\/www.keramika.com\/srbija\/wp-json\/wp\/v2\/product_tag?post=97049"}],"curies":[{"name":"wp","href":"https:\/\/api.w.org\/{rel}","templated":true}]}}