{"id":97042,"date":"2017-07-02T15:01:08","date_gmt":"2017-07-02T15:01:08","guid":{"rendered":"http:\/\/www.ceramictiles.com\/srbija\/product\/valle-grey\/"},"modified":"2026-01-05T00:00:31","modified_gmt":"2026-01-05T00:00:31","slug":"valle-grey","status":"publish","type":"product","link":"https:\/\/www.keramika.com\/srbija\/valle-grey\/","title":{"rendered":"Valle grey"},"content":{"rendered":"<p>Ove plo\u010dice dolaze od proizvo\u0111a\u010da Aleluia, iz Portugala. Ova plo\u010dica je debela 8 mm i zato je izuzetno izdr\u017eljiva. Plo\u010dica 30&#215;60 cm je dobra za ve\u0107 razli\u010ditih namena. Plo\u010dice sive boje, su letos izuzetno tre\u017eene. U maloprodaji bi morali za tu plo\u010dicu platiti 5077,5 RSD, online cena je samo 4062,5 RSD.<\/p>\n<p>Kliknite na ime serije za sve plo\u010dice u toj seriji: <a class=\"pdfcatal\" href=\"\/\/www.ceramictiles.com\/pdf\/aleluia\/catalogue_aleluia_valle.pdf\" onclick=\"recordOutboundLink(this, 'E-mail', 'Description PDF');return false;\">Aleluia Valle<\/a><\/p>\n<p>Da bi naru\u010dili model iz PDF kataloga ove serije, molimo vas, da nas kontaktirate na: <a href=\"mailto:zo_mi@ceramictiles.com\" onclick=\"recordOutboundLink(this, 'E-mail', 'Description mail');return false;\">zo_mi@ceramictiles.com<\/a> ili nas pozovite na: For exact offer, PLS send us quantity and product you need with delivery address..<\/p>\n","protected":false},"excerpt":{"rendered":"<p>Ove plo\u010dice dolaze od proizvo\u0111a\u010da Aleluia, iz Portugala. Ova plo\u010dica je debela 8 mm i zato je izuzetno izdr\u017eljiva. Plo\u010dica 30&#215;60 cm je dobra za ve\u0107 razli\u010ditih namena. Plo\u010dice sive boje, su letos izuzetno tre\u017eene. U maloprodaji bi morali za tu plo\u010dicu platiti 5077,5 RSD, online cena je samo 4062,5 RSD. Kliknite na ime serije [&hellip;]<\/p>\n","protected":false},"featured_media":97043,"template":"","meta":[],"product_cat":[99,9991192,200,999],"product_tag":[],"_links":{"self":[{"href":"https:\/\/www.keramika.com\/srbija\/wp-json\/wp\/v2\/product\/97042"}],"collection":[{"href":"https:\/\/www.keramika.com\/srbija\/wp-json\/wp\/v2\/product"}],"about":[{"href":"https:\/\/www.keramika.com\/srbija\/wp-json\/wp\/v2\/types\/product"}],"wp:featuredmedia":[{"embeddable":true,"href":"https:\/\/www.keramika.com\/srbija\/wp-json\/wp\/v2\/media\/97043"}],"wp:attachment":[{"href":"https:\/\/www.keramika.com\/srbija\/wp-json\/wp\/v2\/media?parent=97042"}],"wp:term":[{"taxonomy":"product_cat","embeddable":true,"href":"https:\/\/www.keramika.com\/srbija\/wp-json\/wp\/v2\/product_cat?post=97042"},{"taxonomy":"product_tag","embeddable":true,"href":"https:\/\/www.keramika.com\/srbija\/wp-json\/wp\/v2\/product_tag?post=97042"}],"curies":[{"name":"wp","href":"https:\/\/api.w.org\/{rel}","templated":true}]}}