{"id":97010,"date":"2017-07-02T14:53:53","date_gmt":"2017-07-02T14:53:53","guid":{"rendered":"http:\/\/www.ceramictiles.com\/srbija\/product\/stucchi-olive\/"},"modified":"2026-01-05T00:00:30","modified_gmt":"2026-01-05T00:00:30","slug":"stucchi-olive","status":"publish","type":"product","link":"https:\/\/www.keramika.com\/srbija\/stucchi-olive\/","title":{"rendered":"Stucchi olive"},"content":{"rendered":"<p>Plo\u010dice dolaze iz Portugala, koja je poznata po kvalitetnoj keramiki. U izboru plo\u010dica zelene boje, ne mo\u017eete pogre\u0161iti. Plo\u010dica 20&#215;50 cm je dobra za ve\u0107 razli\u010ditih namena. Plo\u010dica je debela 10 mm, \u0161to je ubraja u tvrde plo\u010dice. Redovna cena, ovih plo\u010dica u maloprodaji je 3727,5 RSD. U na\u0161oj online trgovini, je mo\u017eete kupiti za 2981,25 RSD.<\/p>\n<p>Kliknite na ime serije za sve plo\u010dice u toj seriji: <a class=\"pdfcatal\" href=\"\/\/www.ceramictiles.com\/pdf\/aleluia\/catalogue_aleluia_stucchi.pdf\" onclick=\"recordOutboundLink(this, 'E-mail', 'Description PDF');return false;\">Aleluia Stucchi<\/a><\/p>\n<p>Da bi naru\u010dili model iz PDF kataloga ove serije, molimo vas, da nas kontaktirate na: <a href=\"mailto:zo_mi@ceramictiles.com\" onclick=\"recordOutboundLink(this, 'E-mail', 'Description mail');return false;\">zo_mi@ceramictiles.com<\/a> ili nas pozovite na: For exact offer, PLS send us quantity and product you need with delivery address..<\/p>\n","protected":false},"excerpt":{"rendered":"<p>Plo\u010dice dolaze iz Portugala, koja je poznata po kvalitetnoj keramiki. U izboru plo\u010dica zelene boje, ne mo\u017eete pogre\u0161iti. Plo\u010dica 20&#215;50 cm je dobra za ve\u0107 razli\u010ditih namena. Plo\u010dica je debela 10 mm, \u0161to je ubraja u tvrde plo\u010dice. Redovna cena, ovih plo\u010dica u maloprodaji je 3727,5 RSD. U na\u0161oj online trgovini, je mo\u017eete kupiti za [&hellip;]<\/p>\n","protected":false},"featured_media":97011,"template":"","meta":[],"product_cat":[99,9991192,200,999],"product_tag":[],"_links":{"self":[{"href":"https:\/\/www.keramika.com\/srbija\/wp-json\/wp\/v2\/product\/97010"}],"collection":[{"href":"https:\/\/www.keramika.com\/srbija\/wp-json\/wp\/v2\/product"}],"about":[{"href":"https:\/\/www.keramika.com\/srbija\/wp-json\/wp\/v2\/types\/product"}],"wp:featuredmedia":[{"embeddable":true,"href":"https:\/\/www.keramika.com\/srbija\/wp-json\/wp\/v2\/media\/97011"}],"wp:attachment":[{"href":"https:\/\/www.keramika.com\/srbija\/wp-json\/wp\/v2\/media?parent=97010"}],"wp:term":[{"taxonomy":"product_cat","embeddable":true,"href":"https:\/\/www.keramika.com\/srbija\/wp-json\/wp\/v2\/product_cat?post=97010"},{"taxonomy":"product_tag","embeddable":true,"href":"https:\/\/www.keramika.com\/srbija\/wp-json\/wp\/v2\/product_tag?post=97010"}],"curies":[{"name":"wp","href":"https:\/\/api.w.org\/{rel}","templated":true}]}}