{"id":96972,"date":"2017-07-02T14:45:52","date_gmt":"2017-07-02T14:45:52","guid":{"rendered":"http:\/\/www.ceramictiles.com\/srbija\/product\/ocean-beige\/"},"modified":"2026-01-05T00:00:29","modified_gmt":"2026-01-05T00:00:29","slug":"ocean-beige","status":"publish","type":"product","link":"https:\/\/www.keramika.com\/srbija\/ocean-beige\/","title":{"rendered":"Ocean beige"},"content":{"rendered":"<p>3858,75 RSD je redovna prodajna cena keramike, tu pa samo 3087,5 RSD. Debljina 10 mm \u010dini plo\u010dicu vrlo izdr\u017eljivom i prijatnom na dodir. Keramika je prekrasne be\u017e boje. U koliko \u017eelite neku drugu boju, pozovite nas i mi \u0107emo proveriti kod proizvo\u0111a\u010da. Veli\u010dina 30&#215;60 cm je odli\u010dna za sve podloge. Ocean beige je proizvod iz Portugala te je izuzetno kvalitetna.<\/p>\n<p>Kliknite na ime serije za sve plo\u010dice u toj seriji: <a class=\"pdfcatal\" href=\"\/\/www.ceramictiles.com\/pdf\/aleluia\/catalogue_aleluia_ocean.pdf\">Aleluia Ocean<\/a><\/p>\n<p>Da bi naru\u010dili model iz PDF kataloga ove serije, molimo vas, da nas kontaktirate na: <a href=\"mailto:zo_mi@ceramictiles.com\">zo_mi@ceramictiles.com<\/a> ili nas pozovite na: For exact offer, PLS send us quantity and product you need with delivery address..<\/p>\n","protected":false},"excerpt":{"rendered":"<p>3858,75 RSD je redovna prodajna cena keramike, tu pa samo 3087,5 RSD. Debljina 10 mm \u010dini plo\u010dicu vrlo izdr\u017eljivom i prijatnom na dodir. Keramika je prekrasne be\u017e boje. U koliko \u017eelite neku drugu boju, pozovite nas i mi \u0107emo proveriti kod proizvo\u0111a\u010da. Veli\u010dina 30&#215;60 cm je odli\u010dna za sve podloge. Ocean beige je proizvod iz [&hellip;]<\/p>\n","protected":false},"featured_media":96973,"template":"","meta":[],"product_cat":[99,9991192,200,999],"product_tag":[],"_links":{"self":[{"href":"https:\/\/www.keramika.com\/srbija\/wp-json\/wp\/v2\/product\/96972"}],"collection":[{"href":"https:\/\/www.keramika.com\/srbija\/wp-json\/wp\/v2\/product"}],"about":[{"href":"https:\/\/www.keramika.com\/srbija\/wp-json\/wp\/v2\/types\/product"}],"wp:featuredmedia":[{"embeddable":true,"href":"https:\/\/www.keramika.com\/srbija\/wp-json\/wp\/v2\/media\/96973"}],"wp:attachment":[{"href":"https:\/\/www.keramika.com\/srbija\/wp-json\/wp\/v2\/media?parent=96972"}],"wp:term":[{"taxonomy":"product_cat","embeddable":true,"href":"https:\/\/www.keramika.com\/srbija\/wp-json\/wp\/v2\/product_cat?post=96972"},{"taxonomy":"product_tag","embeddable":true,"href":"https:\/\/www.keramika.com\/srbija\/wp-json\/wp\/v2\/product_tag?post=96972"}],"curies":[{"name":"wp","href":"https:\/\/api.w.org\/{rel}","templated":true}]}}