{"id":96944,"date":"2017-07-02T14:39:29","date_gmt":"2017-07-02T14:39:29","guid":{"rendered":"http:\/\/www.ceramictiles.com\/srbija\/product\/mash-wine\/"},"modified":"2026-01-05T00:00:28","modified_gmt":"2026-01-05T00:00:28","slug":"mash-wine","status":"publish","type":"product","link":"https:\/\/www.keramika.com\/srbija\/mash-wine\/","title":{"rendered":"Mash wine"},"content":{"rendered":"<p>Ova plo\u010dica je debela 10 mm i zato je izuzetno izdr\u017eljiva. Veli\u010dina plo\u010dice je 20&#215;50 cm i odli\u010dna je za razli\u010dite povr\u0161ine. Redovna cena, ovih plo\u010dica u maloprodaji je 4631,25 RSD. U na\u0161oj online trgovini, je mo\u017eete kupiti za 3705 RSD. Ove plo\u010dice dolaze od proizvo\u0111a\u010da Aleluia, iz Portugala. Keramika je prekrasne roze boje. U koliko \u017eelite neku drugu boju, pozovite nas i mi \u0107emo proveriti kod proizvo\u0111a\u010da.<\/p>\n<p>Kliknite na ime serije za sve plo\u010dice u toj seriji: <a class=\"pdfcatal\" href=\"\/\/www.ceramictiles.com\/pdf\/aleluia\/catalogue_aleluia_mash.pdf\" onclick=\"recordOutboundLink(this, 'E-mail', 'Description PDF');return false;\">Aleluia Mash<\/a><\/p>\n<p>Da bi naru\u010dili model iz PDF kataloga ove serije, molimo vas, da nas kontaktirate na: <a href=\"mailto:zo_mi@ceramictiles.com\" onclick=\"recordOutboundLink(this, 'E-mail', 'Description mail');return false;\">zo_mi@ceramictiles.com<\/a> ili nas pozovite na: For exact offer, PLS send us quantity and product you need with delivery address..<\/p>\n","protected":false},"excerpt":{"rendered":"<p>Ova plo\u010dica je debela 10 mm i zato je izuzetno izdr\u017eljiva. Veli\u010dina plo\u010dice je 20&#215;50 cm i odli\u010dna je za razli\u010dite povr\u0161ine. Redovna cena, ovih plo\u010dica u maloprodaji je 4631,25 RSD. U na\u0161oj online trgovini, je mo\u017eete kupiti za 3705 RSD. Ove plo\u010dice dolaze od proizvo\u0111a\u010da Aleluia, iz Portugala. Keramika je prekrasne roze boje. U [&hellip;]<\/p>\n","protected":false},"featured_media":96945,"template":"","meta":[],"product_cat":[99,9991192,200,999],"product_tag":[],"_links":{"self":[{"href":"https:\/\/www.keramika.com\/srbija\/wp-json\/wp\/v2\/product\/96944"}],"collection":[{"href":"https:\/\/www.keramika.com\/srbija\/wp-json\/wp\/v2\/product"}],"about":[{"href":"https:\/\/www.keramika.com\/srbija\/wp-json\/wp\/v2\/types\/product"}],"wp:featuredmedia":[{"embeddable":true,"href":"https:\/\/www.keramika.com\/srbija\/wp-json\/wp\/v2\/media\/96945"}],"wp:attachment":[{"href":"https:\/\/www.keramika.com\/srbija\/wp-json\/wp\/v2\/media?parent=96944"}],"wp:term":[{"taxonomy":"product_cat","embeddable":true,"href":"https:\/\/www.keramika.com\/srbija\/wp-json\/wp\/v2\/product_cat?post=96944"},{"taxonomy":"product_tag","embeddable":true,"href":"https:\/\/www.keramika.com\/srbija\/wp-json\/wp\/v2\/product_tag?post=96944"}],"curies":[{"name":"wp","href":"https:\/\/api.w.org\/{rel}","templated":true}]}}