{"id":96936,"date":"2017-07-02T14:37:32","date_gmt":"2017-07-02T14:37:32","guid":{"rendered":"http:\/\/www.ceramictiles.com\/srbija\/product\/lodge-raffia-pine\/"},"modified":"2026-01-05T00:00:28","modified_gmt":"2026-01-05T00:00:28","slug":"lodge-raffia-pine","status":"publish","type":"product","link":"https:\/\/www.keramika.com\/srbija\/lodge-raffia-pine\/","title":{"rendered":"Lodge raffia pine"},"content":{"rendered":"<p>Lodge raffia pine dolazi iz Portugala, koja je poznata po vrlo visokoj kvaliteta keramike u svetu. Umesto 5596,25 RSD \u0161to je redovna maloprodajna cena keramike, u na\u0161oj online prodavnici, je mo\u017eete dobiti za samo 4476,25 RSD. Plo\u010dice braon boje, su letos izuzetno tre\u017eene. \u0160irina i du\u017eina plo\u010dice su 22,5&#215;90 cm. Plo\u010dica je debela 10 mm, \u0161to je ubraja u tvrde plo\u010dice.<\/p>\n<p>Kliknite na ime serije za sve plo\u010dice u toj seriji: <a class=\"pdfcatal\" href=\"\/\/www.ceramictiles.com\/pdf\/aleluia\/catalogue_aleluia_lodge.pdf\" onclick=\"recordOutboundLink(this, 'E-mail', 'Description PDF');return false;\">Aleluia Lodge<\/a><\/p>\n<p>Da bi naru\u010dili model iz PDF kataloga ove serije, molimo vas, da nas kontaktirate na: <a href=\"mailto:zo_mi@ceramictiles.com\" onclick=\"recordOutboundLink(this, 'E-mail', 'Description mail');return false;\">zo_mi@ceramictiles.com<\/a> ili nas pozovite na: For exact offer, PLS send us quantity and product you need with delivery address..<\/p>\n<p>Technical description: 22.05x90x1 cm<\/p>\n","protected":false},"excerpt":{"rendered":"<p>Lodge raffia pine dolazi iz Portugala, koja je poznata po vrlo visokoj kvaliteta keramike u svetu. Umesto 5596,25 RSD \u0161to je redovna maloprodajna cena keramike, u na\u0161oj online prodavnici, je mo\u017eete dobiti za samo 4476,25 RSD. Plo\u010dice braon boje, su letos izuzetno tre\u017eene. \u0160irina i du\u017eina plo\u010dice su 22,5&#215;90 cm. Plo\u010dica je debela 10 mm, [&hellip;]<\/p>\n","protected":false},"featured_media":96937,"template":"","meta":[],"product_cat":[99,9991192,200,999],"product_tag":[],"_links":{"self":[{"href":"https:\/\/www.keramika.com\/srbija\/wp-json\/wp\/v2\/product\/96936"}],"collection":[{"href":"https:\/\/www.keramika.com\/srbija\/wp-json\/wp\/v2\/product"}],"about":[{"href":"https:\/\/www.keramika.com\/srbija\/wp-json\/wp\/v2\/types\/product"}],"wp:featuredmedia":[{"embeddable":true,"href":"https:\/\/www.keramika.com\/srbija\/wp-json\/wp\/v2\/media\/96937"}],"wp:attachment":[{"href":"https:\/\/www.keramika.com\/srbija\/wp-json\/wp\/v2\/media?parent=96936"}],"wp:term":[{"taxonomy":"product_cat","embeddable":true,"href":"https:\/\/www.keramika.com\/srbija\/wp-json\/wp\/v2\/product_cat?post=96936"},{"taxonomy":"product_tag","embeddable":true,"href":"https:\/\/www.keramika.com\/srbija\/wp-json\/wp\/v2\/product_tag?post=96936"}],"curies":[{"name":"wp","href":"https:\/\/api.w.org\/{rel}","templated":true}]}}