{"id":96913,"date":"2017-07-02T14:32:47","date_gmt":"2017-07-02T14:32:47","guid":{"rendered":"http:\/\/www.ceramictiles.com\/srbija\/product\/home-moka\/"},"modified":"2026-01-05T00:00:27","modified_gmt":"2026-01-05T00:00:27","slug":"home-moka","status":"publish","type":"product","link":"https:\/\/www.keramika.com\/srbija\/home-moka\/","title":{"rendered":"Home moka"},"content":{"rendered":"<p>Ove plo\u010dice dolaze od proizvo\u0111a\u010da Aleluia, iz Portugala. Plo\u010dice braon boje osvje\u017eit \u0107e svaki prostor. Redovna cena, ovih plo\u010dica u maloprodaji je 3981,25 RSD. U na\u0161oj online trgovini, je mo\u017eete kupiti za 3185 RSD. 10 mm debljine je dovoljno za zahtevnije kupce. Plo\u010dica 20&#215;50 cm je dobra za ve\u0107 razli\u010ditih namena.<\/p>\n<p>Kliknite na ime serije za sve plo\u010dice u toj seriji: <a class=\"pdfcatal\" href=\"\/\/www.ceramictiles.com\/pdf\/aleluia\/catalogue_aleluia_home.pdf\" onclick=\"recordOutboundLink(this, 'E-mail', 'Description PDF');return false;\">Aleluia Home<\/a><\/p>\n<p>Da bi naru\u010dili model iz PDF kataloga ove serije, molimo vas, da nas kontaktirate na: <a href=\"mailto:zo_mi@ceramictiles.com\" onclick=\"recordOutboundLink(this, 'E-mail', 'Description mail');return false;\">zo_mi@ceramictiles.com<\/a> ili nas pozovite na: For exact offer, PLS send us quantity and product you need with delivery address..<\/p>\n","protected":false},"excerpt":{"rendered":"<p>Ove plo\u010dice dolaze od proizvo\u0111a\u010da Aleluia, iz Portugala. Plo\u010dice braon boje osvje\u017eit \u0107e svaki prostor. Redovna cena, ovih plo\u010dica u maloprodaji je 3981,25 RSD. U na\u0161oj online trgovini, je mo\u017eete kupiti za 3185 RSD. 10 mm debljine je dovoljno za zahtevnije kupce. Plo\u010dica 20&#215;50 cm je dobra za ve\u0107 razli\u010ditih namena. Kliknite na ime serije [&hellip;]<\/p>\n","protected":false},"featured_media":96914,"template":"","meta":[],"product_cat":[99,9991192,200,999],"product_tag":[],"_links":{"self":[{"href":"https:\/\/www.keramika.com\/srbija\/wp-json\/wp\/v2\/product\/96913"}],"collection":[{"href":"https:\/\/www.keramika.com\/srbija\/wp-json\/wp\/v2\/product"}],"about":[{"href":"https:\/\/www.keramika.com\/srbija\/wp-json\/wp\/v2\/types\/product"}],"wp:featuredmedia":[{"embeddable":true,"href":"https:\/\/www.keramika.com\/srbija\/wp-json\/wp\/v2\/media\/96914"}],"wp:attachment":[{"href":"https:\/\/www.keramika.com\/srbija\/wp-json\/wp\/v2\/media?parent=96913"}],"wp:term":[{"taxonomy":"product_cat","embeddable":true,"href":"https:\/\/www.keramika.com\/srbija\/wp-json\/wp\/v2\/product_cat?post=96913"},{"taxonomy":"product_tag","embeddable":true,"href":"https:\/\/www.keramika.com\/srbija\/wp-json\/wp\/v2\/product_tag?post=96913"}],"curies":[{"name":"wp","href":"https:\/\/api.w.org\/{rel}","templated":true}]}}