{"id":96906,"date":"2017-07-02T14:30:51","date_gmt":"2017-07-02T14:30:51","guid":{"rendered":"http:\/\/www.ceramictiles.com\/srbija\/product\/flamant-vermelho\/"},"modified":"2026-01-05T00:00:27","modified_gmt":"2026-01-05T00:00:27","slug":"flamant-vermelho","status":"publish","type":"product","link":"https:\/\/www.keramika.com\/srbija\/flamant-vermelho\/","title":{"rendered":"Flamant vermelho"},"content":{"rendered":"<p>Ove plo\u010dice dolaze od proizvo\u0111a\u010da Aleluia, iz Portugala. Debljina 8 mm \u010dini plo\u010dicu vrlo izdr\u017eljivom i prijatnom na dodir. U izboru plo\u010dica crvene boje, ne mo\u017eete pogre\u0161iti. Zbog ni\u017eih tro\u0161kova, online prodaje, Vi \u0107e te na na\u0161oj strani ove plo\u010de platiti samo 3810 RSD. Veli\u010dina 33,3&#215;33,3 cm je odli\u010dna za sve podloge.<\/p>\n<p>Kliknite na ime serije za sve plo\u010dice u toj seriji: <a class=\"pdfcatal\" href=\"\/\/www.ceramictiles.com\/pdf\/aleluia\/catalogue_aleluia_flamant.pdf\" onclick=\"recordOutboundLink(this, 'E-mail', 'Description PDF');return false;\">Aleluia Flamant<\/a><\/p>\n<p>Da bi naru\u010dili model iz PDF kataloga ove serije, molimo vas, da nas kontaktirate na: <a href=\"mailto:zo_mi@ceramictiles.com\" onclick=\"recordOutboundLink(this, 'E-mail', 'Description mail');return false;\">zo_mi@ceramictiles.com<\/a> ili nas pozovite na: For exact offer, PLS send us quantity and product you need with delivery address..<\/p>\n<p>Technical description: 33.3&#215;33.3&#215;0.75 cm ; 26.7&#215;41.6&#215;0.77 cm<\/p>\n","protected":false},"excerpt":{"rendered":"<p>Ove plo\u010dice dolaze od proizvo\u0111a\u010da Aleluia, iz Portugala. Debljina 8 mm \u010dini plo\u010dicu vrlo izdr\u017eljivom i prijatnom na dodir. U izboru plo\u010dica crvene boje, ne mo\u017eete pogre\u0161iti. Zbog ni\u017eih tro\u0161kova, online prodaje, Vi \u0107e te na na\u0161oj strani ove plo\u010de platiti samo 3810 RSD. Veli\u010dina 33,3&#215;33,3 cm je odli\u010dna za sve podloge. Kliknite na ime [&hellip;]<\/p>\n","protected":false},"featured_media":96907,"template":"","meta":[],"product_cat":[99,9991192,200,999],"product_tag":[],"_links":{"self":[{"href":"https:\/\/www.keramika.com\/srbija\/wp-json\/wp\/v2\/product\/96906"}],"collection":[{"href":"https:\/\/www.keramika.com\/srbija\/wp-json\/wp\/v2\/product"}],"about":[{"href":"https:\/\/www.keramika.com\/srbija\/wp-json\/wp\/v2\/types\/product"}],"wp:featuredmedia":[{"embeddable":true,"href":"https:\/\/www.keramika.com\/srbija\/wp-json\/wp\/v2\/media\/96907"}],"wp:attachment":[{"href":"https:\/\/www.keramika.com\/srbija\/wp-json\/wp\/v2\/media?parent=96906"}],"wp:term":[{"taxonomy":"product_cat","embeddable":true,"href":"https:\/\/www.keramika.com\/srbija\/wp-json\/wp\/v2\/product_cat?post=96906"},{"taxonomy":"product_tag","embeddable":true,"href":"https:\/\/www.keramika.com\/srbija\/wp-json\/wp\/v2\/product_tag?post=96906"}],"curies":[{"name":"wp","href":"https:\/\/api.w.org\/{rel}","templated":true}]}}