{"id":96898,"date":"2017-07-02T14:28:40","date_gmt":"2017-07-02T14:28:40","guid":{"rendered":"http:\/\/www.ceramictiles.com\/srbija\/product\/ethnic-moka\/"},"modified":"2026-01-05T00:00:27","modified_gmt":"2026-01-05T00:00:27","slug":"ethnic-moka","status":"publish","type":"product","link":"https:\/\/www.keramika.com\/srbija\/ethnic-moka\/","title":{"rendered":"Ethnic MOKA"},"content":{"rendered":"<p>Veli\u010dina ove plo\u010dice je 33,3&#215;33,3 cm. Ethnic MOKA je dostupna po vrlo povoljnim cenama 2876,25 RSD. Debljina plo\u010dice, je vrlo va\u017ena 8 mm i ubraja tu plo\u010dicu me\u0111u najkvalitetnije. Ove plo\u010dice dolaze od proizvo\u0111a\u010da Aleluia, iz Portugala. Ta kolekcija, model plo\u010dice, se prodaje najvi\u0161e braon boje.<\/p>\n<p>Kliknite na ime serije za sve plo\u010dice u toj seriji: <a class=\"pdfcatal\" href=\"\/\/www.ceramictiles.com\/pdf\/aleluia\/catalogue_aleluia_ethnic.pdf\" onclick=\"recordOutboundLink(this, 'E-mail', 'Description PDF');return false;\">Aleluia Ethnic<\/a><\/p>\n<p>Da bi naru\u010dili model iz PDF kataloga ove serije, molimo vas, da nas kontaktirate na: <a href=\"mailto:zo_mi@ceramictiles.com\" onclick=\"recordOutboundLink(this, 'E-mail', 'Description mail');return false;\">zo_mi@ceramictiles.com<\/a> ili nas pozovite na: For exact offer, PLS send us quantity and product you need with delivery address..<\/p>\n<p>Technical description: 33.3&#215;33.3&#215;0.75 cm ; 26.7&#215;41.6&#215;0.77 cm<\/p>\n","protected":false},"excerpt":{"rendered":"<p>Veli\u010dina ove plo\u010dice je 33,3&#215;33,3 cm. Ethnic MOKA je dostupna po vrlo povoljnim cenama 2876,25 RSD. Debljina plo\u010dice, je vrlo va\u017ena 8 mm i ubraja tu plo\u010dicu me\u0111u najkvalitetnije. Ove plo\u010dice dolaze od proizvo\u0111a\u010da Aleluia, iz Portugala. Ta kolekcija, model plo\u010dice, se prodaje najvi\u0161e braon boje. Kliknite na ime serije za sve plo\u010dice u toj [&hellip;]<\/p>\n","protected":false},"featured_media":96899,"template":"","meta":[],"product_cat":[99,9991192,200,999],"product_tag":[],"_links":{"self":[{"href":"https:\/\/www.keramika.com\/srbija\/wp-json\/wp\/v2\/product\/96898"}],"collection":[{"href":"https:\/\/www.keramika.com\/srbija\/wp-json\/wp\/v2\/product"}],"about":[{"href":"https:\/\/www.keramika.com\/srbija\/wp-json\/wp\/v2\/types\/product"}],"wp:featuredmedia":[{"embeddable":true,"href":"https:\/\/www.keramika.com\/srbija\/wp-json\/wp\/v2\/media\/96899"}],"wp:attachment":[{"href":"https:\/\/www.keramika.com\/srbija\/wp-json\/wp\/v2\/media?parent=96898"}],"wp:term":[{"taxonomy":"product_cat","embeddable":true,"href":"https:\/\/www.keramika.com\/srbija\/wp-json\/wp\/v2\/product_cat?post=96898"},{"taxonomy":"product_tag","embeddable":true,"href":"https:\/\/www.keramika.com\/srbija\/wp-json\/wp\/v2\/product_tag?post=96898"}],"curies":[{"name":"wp","href":"https:\/\/api.w.org\/{rel}","templated":true}]}}