{"id":96892,"date":"2017-07-02T14:27:18","date_gmt":"2017-07-02T14:27:18","guid":{"rendered":"http:\/\/www.ceramictiles.com\/srbija\/product\/dakar-dark-grey\/"},"modified":"2026-01-05T00:00:26","modified_gmt":"2026-01-05T00:00:26","slug":"dakar-dark-grey","status":"publish","type":"product","link":"https:\/\/www.keramika.com\/srbija\/dakar-dark-grey\/","title":{"rendered":"Dakar dark grey"},"content":{"rendered":"<p>U izboru plo\u010dica sive boje, ne mo\u017eete pogre\u0161iti. Plo\u010dice dolaze iz Portugala, koja je poznata po kvalitetnoj keramiki. Online cena je samo 4062,5 RSD, dok redovna, maloprodajna cena 5077,5 RSD. 10 mm debljine je dovoljno za zahtevnije kupce. \u0160irina i du\u017eina plo\u010dice su 30&#215;60 cm.<\/p>\n<p>Kliknite na ime serije za sve plo\u010dice u toj seriji: <a class=\"pdfcatal\" href=\"\/\/www.ceramictiles.com\/pdf\/aleluia\/catalogue_aleluia_dakar.pdf\" onclick=\"recordOutboundLink(this, 'E-mail', 'Description PDF');return false;\">Aleluia Dakar<\/a><\/p>\n<p>Da bi naru\u010dili model iz PDF kataloga ove serije, molimo vas, da nas kontaktirate na: <a href=\"mailto:zo_mi@ceramictiles.com\" onclick=\"recordOutboundLink(this, 'E-mail', 'Description mail');return false;\">zo_mi@ceramictiles.com<\/a> ili nas pozovite na: For exact offer, PLS send us quantity and product you need with delivery address..<\/p>\n","protected":false},"excerpt":{"rendered":"<p>U izboru plo\u010dica sive boje, ne mo\u017eete pogre\u0161iti. Plo\u010dice dolaze iz Portugala, koja je poznata po kvalitetnoj keramiki. Online cena je samo 4062,5 RSD, dok redovna, maloprodajna cena 5077,5 RSD. 10 mm debljine je dovoljno za zahtevnije kupce. \u0160irina i du\u017eina plo\u010dice su 30&#215;60 cm. Kliknite na ime serije za sve plo\u010dice u toj seriji: [&hellip;]<\/p>\n","protected":false},"featured_media":96893,"template":"","meta":[],"product_cat":[99,9991192,200,999],"product_tag":[],"_links":{"self":[{"href":"https:\/\/www.keramika.com\/srbija\/wp-json\/wp\/v2\/product\/96892"}],"collection":[{"href":"https:\/\/www.keramika.com\/srbija\/wp-json\/wp\/v2\/product"}],"about":[{"href":"https:\/\/www.keramika.com\/srbija\/wp-json\/wp\/v2\/types\/product"}],"wp:featuredmedia":[{"embeddable":true,"href":"https:\/\/www.keramika.com\/srbija\/wp-json\/wp\/v2\/media\/96893"}],"wp:attachment":[{"href":"https:\/\/www.keramika.com\/srbija\/wp-json\/wp\/v2\/media?parent=96892"}],"wp:term":[{"taxonomy":"product_cat","embeddable":true,"href":"https:\/\/www.keramika.com\/srbija\/wp-json\/wp\/v2\/product_cat?post=96892"},{"taxonomy":"product_tag","embeddable":true,"href":"https:\/\/www.keramika.com\/srbija\/wp-json\/wp\/v2\/product_tag?post=96892"}],"curies":[{"name":"wp","href":"https:\/\/api.w.org\/{rel}","templated":true}]}}