{"id":96884,"date":"2017-07-02T14:25:25","date_gmt":"2017-07-02T14:25:25","guid":{"rendered":"http:\/\/www.ceramictiles.com\/srbija\/product\/concrete-blend\/"},"modified":"2026-01-05T00:00:26","modified_gmt":"2026-01-05T00:00:26","slug":"concrete-blend","status":"publish","type":"product","link":"https:\/\/www.keramika.com\/srbija\/concrete-blend\/","title":{"rendered":"Concrete blend"},"content":{"rendered":"<p>U izboru plo\u010dica bele boje, ne mo\u017eete pogre\u0161iti. Ova plo\u010dica je debela 10 mm i zato je izuzetno izdr\u017eljiva. Concrete blend je proizvod iz Portugala te je izuzetno kvalitetna. 7150 RSD je redovna prodajna cena keramike, tu pa samo 5720 RSD. Plo\u010dica na sliki je 60&#215;60 cm.<\/p>\n<p>Kliknite na ime serije za sve plo\u010dice u toj seriji: <a class=\"pdfcatal\" href=\"\/\/www.ceramictiles.com\/pdf\/aleluia\/catalogue_aleluia_concrete.pdf\" onclick=\"recordOutboundLink(this, 'E-mail', 'Description PDF');return false;\">Aleluia Concrete<\/a><\/p>\n<p>Da bi naru\u010dili model iz PDF kataloga ove serije, molimo vas, da nas kontaktirate na: <a href=\"mailto:zo_mi@ceramictiles.com\" onclick=\"recordOutboundLink(this, 'E-mail', 'Description mail');return false;\">zo_mi@ceramictiles.com<\/a> ili nas pozovite na: For exact offer, PLS send us quantity and product you need with delivery address..<\/p>\n<p>Technical description: 59.2&#215;59.2<\/p>\n","protected":false},"excerpt":{"rendered":"<p>U izboru plo\u010dica bele boje, ne mo\u017eete pogre\u0161iti. Ova plo\u010dica je debela 10 mm i zato je izuzetno izdr\u017eljiva. Concrete blend je proizvod iz Portugala te je izuzetno kvalitetna. 7150 RSD je redovna prodajna cena keramike, tu pa samo 5720 RSD. Plo\u010dica na sliki je 60&#215;60 cm. Kliknite na ime serije za sve plo\u010dice u [&hellip;]<\/p>\n","protected":false},"featured_media":96885,"template":"","meta":[],"product_cat":[99,9991192,200,999],"product_tag":[],"_links":{"self":[{"href":"https:\/\/www.keramika.com\/srbija\/wp-json\/wp\/v2\/product\/96884"}],"collection":[{"href":"https:\/\/www.keramika.com\/srbija\/wp-json\/wp\/v2\/product"}],"about":[{"href":"https:\/\/www.keramika.com\/srbija\/wp-json\/wp\/v2\/types\/product"}],"wp:featuredmedia":[{"embeddable":true,"href":"https:\/\/www.keramika.com\/srbija\/wp-json\/wp\/v2\/media\/96885"}],"wp:attachment":[{"href":"https:\/\/www.keramika.com\/srbija\/wp-json\/wp\/v2\/media?parent=96884"}],"wp:term":[{"taxonomy":"product_cat","embeddable":true,"href":"https:\/\/www.keramika.com\/srbija\/wp-json\/wp\/v2\/product_cat?post=96884"},{"taxonomy":"product_tag","embeddable":true,"href":"https:\/\/www.keramika.com\/srbija\/wp-json\/wp\/v2\/product_tag?post=96884"}],"curies":[{"name":"wp","href":"https:\/\/api.w.org\/{rel}","templated":true}]}}