{"id":96859,"date":"2017-07-02T14:20:16","date_gmt":"2017-07-02T14:20:16","guid":{"rendered":"http:\/\/www.ceramictiles.com\/srbija\/product\/acqua\/"},"modified":"2026-01-05T00:00:25","modified_gmt":"2026-01-05T00:00:25","slug":"acqua","status":"publish","type":"product","link":"https:\/\/www.keramika.com\/srbija\/acqua\/","title":{"rendered":"Acqua"},"content":{"rendered":"<p>Ova plo\u010dica je debela 10 mm i zato je izuzetno izdr\u017eljiva. Redovna cena, ovih plo\u010dica u maloprodaji je 8693,75 RSD. U na\u0161oj online trgovini, je mo\u017eete kupiti za 6955 RSD. Izuzetno moderne plo\u010dice plave boje, osve\u017eit \u0107e svaki prostor. Plo\u010dice dolaze iz Portugala, koja je poznata po kvalitetnoj keramiki. Dimenzije ovih plo\u010dica su 30&#215;60 cm.<\/p>\n<p>Kliknite na ime serije za sve plo\u010dice u toj seriji: <a class=\"pdfcatal\" href=\"\/\/www.ceramictiles.com\/pdf\/aleluia\/catalogue_aleluia_acqua.pdf\">Aleluia Acqua<\/a><\/p>\n<p>Da bi naru\u010dili model iz PDF kataloga ove serije, molimo vas, da nas kontaktirate na: <a href=\"mailto:zo_mi@ceramictiles.com\">zo_mi@ceramictiles.com<\/a> ili nas pozovite na: For exact offer, PLS send us quantity and product you need with delivery address..<\/p>\n<p>Technical description: 32.7&#215;58.6&#215;1.04 cm ret.<\/p>\n","protected":false},"excerpt":{"rendered":"<p>Ova plo\u010dica je debela 10 mm i zato je izuzetno izdr\u017eljiva. Redovna cena, ovih plo\u010dica u maloprodaji je 8693,75 RSD. U na\u0161oj online trgovini, je mo\u017eete kupiti za 6955 RSD. Izuzetno moderne plo\u010dice plave boje, osve\u017eit \u0107e svaki prostor. Plo\u010dice dolaze iz Portugala, koja je poznata po kvalitetnoj keramiki. Dimenzije ovih plo\u010dica su 30&#215;60 cm. [&hellip;]<\/p>\n","protected":false},"featured_media":96860,"template":"","meta":[],"product_cat":[99,9991192,200,999],"product_tag":[],"_links":{"self":[{"href":"https:\/\/www.keramika.com\/srbija\/wp-json\/wp\/v2\/product\/96859"}],"collection":[{"href":"https:\/\/www.keramika.com\/srbija\/wp-json\/wp\/v2\/product"}],"about":[{"href":"https:\/\/www.keramika.com\/srbija\/wp-json\/wp\/v2\/types\/product"}],"wp:featuredmedia":[{"embeddable":true,"href":"https:\/\/www.keramika.com\/srbija\/wp-json\/wp\/v2\/media\/96860"}],"wp:attachment":[{"href":"https:\/\/www.keramika.com\/srbija\/wp-json\/wp\/v2\/media?parent=96859"}],"wp:term":[{"taxonomy":"product_cat","embeddable":true,"href":"https:\/\/www.keramika.com\/srbija\/wp-json\/wp\/v2\/product_cat?post=96859"},{"taxonomy":"product_tag","embeddable":true,"href":"https:\/\/www.keramika.com\/srbija\/wp-json\/wp\/v2\/product_tag?post=96859"}],"curies":[{"name":"wp","href":"https:\/\/api.w.org\/{rel}","templated":true}]}}