{"id":96851,"date":"2017-07-02T14:18:47","date_gmt":"2017-07-02T14:18:47","guid":{"rendered":"http:\/\/www.ceramictiles.com\/srbija\/product\/venezia-natural\/"},"modified":"2026-01-05T00:00:24","modified_gmt":"2026-01-05T00:00:24","slug":"venezia-natural","status":"publish","type":"product","link":"https:\/\/www.keramika.com\/srbija\/venezia-natural\/","title":{"rendered":"Venezia Natural"},"content":{"rendered":"<p>Plo\u010dica na sliki je 60&#215;60 cm. Proizvodnja \u0160panije ,koja je poznata u svetu, kao jedana od najboljih proizvo\u0111a\u010da kerami\u010dkih plo\u010dica. 2435 RSD je redovna prodajna cena keramike, tu pa samo 1947,5 RSD. Ta kolekcija, model plo\u010dice, se prodaje najvi\u0161e bele boje. Debljina plo\u010dice, je vrlo va\u017ena mm i ubraja tu plo\u010dicu me\u0111u najkvalitetnije.<\/p>\n<p>Kliknite na ime serije za sve plo\u010dice u toj seriji: <a class=\"pdfcatal\" href=\"\/\/www.ceramictiles.com\/pdf\/cicogres\/catalogue_cicogres_venezia.pdf\" onclick=\"recordOutboundLink(this, 'E-mail', 'Description PDF');return false;\">Cicogres Venezia<\/a><\/p>\n<p>Da bi naru\u010dili model iz PDF kataloga ove serije, molimo vas, da nas kontaktirate na: <a href=\"mailto:zo_mi@ceramictiles.com\" onclick=\"recordOutboundLink(this, 'E-mail', 'Description mail');return false;\">zo_mi@ceramictiles.com<\/a> ili nas pozovite na: For exact offer, PLS send us quantity and product you need with delivery address..<\/p>\n","protected":false},"excerpt":{"rendered":"<p>Plo\u010dica na sliki je 60&#215;60 cm. Proizvodnja \u0160panije ,koja je poznata u svetu, kao jedana od najboljih proizvo\u0111a\u010da kerami\u010dkih plo\u010dica. 2435 RSD je redovna prodajna cena keramike, tu pa samo 1947,5 RSD. Ta kolekcija, model plo\u010dice, se prodaje najvi\u0161e bele boje. Debljina plo\u010dice, je vrlo va\u017ena mm i ubraja tu plo\u010dicu me\u0111u najkvalitetnije. Kliknite na [&hellip;]<\/p>\n","protected":false},"featured_media":96852,"template":"","meta":[],"product_cat":[999964,200,999],"product_tag":[],"_links":{"self":[{"href":"https:\/\/www.keramika.com\/srbija\/wp-json\/wp\/v2\/product\/96851"}],"collection":[{"href":"https:\/\/www.keramika.com\/srbija\/wp-json\/wp\/v2\/product"}],"about":[{"href":"https:\/\/www.keramika.com\/srbija\/wp-json\/wp\/v2\/types\/product"}],"wp:featuredmedia":[{"embeddable":true,"href":"https:\/\/www.keramika.com\/srbija\/wp-json\/wp\/v2\/media\/96852"}],"wp:attachment":[{"href":"https:\/\/www.keramika.com\/srbija\/wp-json\/wp\/v2\/media?parent=96851"}],"wp:term":[{"taxonomy":"product_cat","embeddable":true,"href":"https:\/\/www.keramika.com\/srbija\/wp-json\/wp\/v2\/product_cat?post=96851"},{"taxonomy":"product_tag","embeddable":true,"href":"https:\/\/www.keramika.com\/srbija\/wp-json\/wp\/v2\/product_tag?post=96851"}],"curies":[{"name":"wp","href":"https:\/\/api.w.org\/{rel}","templated":true}]}}