{"id":96843,"date":"2017-07-02T14:17:14","date_gmt":"2017-07-02T14:17:14","guid":{"rendered":"http:\/\/www.ceramictiles.com\/srbija\/product\/titan\/"},"modified":"2026-01-05T00:00:24","modified_gmt":"2026-01-05T00:00:24","slug":"titan","status":"publish","type":"product","link":"https:\/\/www.keramika.com\/srbija\/titan\/","title":{"rendered":"Titan"},"content":{"rendered":"<p>Debljina plo\u010dice, je vrlo va\u017ena mm i ubraja tu plo\u010dicu me\u0111u najkvalitetnije. Redovna cena, ovih plo\u010dica u maloprodaji je 2435 RSD. U na\u0161oj online trgovini, je mo\u017eete kupiti za 1947,5 RSD. Titan dolazi iz \u0160panije, koja je poznata po vrlo visokoj kvaliteta keramike u svetu. Keramika je prekrasne be\u017e boje. U koliko \u017eelite neku drugu boju, pozovite nas i mi \u0107emo proveriti kod proizvo\u0111a\u010da. Veli\u010dina 60&#215;60 cm je odli\u010dna za sve podloge.<\/p>\n<p>Kliknite na ime serije za sve plo\u010dice u toj seriji: <a class=\"pdfcatal\" href=\"\/\/www.ceramictiles.com\/pdf\/cicogres\/catalogue_cicogres_titan.pdf\" onclick=\"recordOutboundLink(this, 'E-mail', 'Description PDF');return false;\">Cicogres Titan<\/a><\/p>\n<p>Da bi naru\u010dili model iz PDF kataloga ove serije, molimo vas, da nas kontaktirate na: <a href=\"mailto:zo_mi@ceramictiles.com\" onclick=\"recordOutboundLink(this, 'E-mail', 'Description mail');return false;\">zo_mi@ceramictiles.com<\/a> ili nas pozovite na: For exact offer, PLS send us quantity and product you need with delivery address..<\/p>\n","protected":false},"excerpt":{"rendered":"<p>Debljina plo\u010dice, je vrlo va\u017ena mm i ubraja tu plo\u010dicu me\u0111u najkvalitetnije. Redovna cena, ovih plo\u010dica u maloprodaji je 2435 RSD. U na\u0161oj online trgovini, je mo\u017eete kupiti za 1947,5 RSD. Titan dolazi iz \u0160panije, koja je poznata po vrlo visokoj kvaliteta keramike u svetu. Keramika je prekrasne be\u017e boje. U koliko \u017eelite neku drugu [&hellip;]<\/p>\n","protected":false},"featured_media":96844,"template":"","meta":[],"product_cat":[999964,200,999],"product_tag":[],"_links":{"self":[{"href":"https:\/\/www.keramika.com\/srbija\/wp-json\/wp\/v2\/product\/96843"}],"collection":[{"href":"https:\/\/www.keramika.com\/srbija\/wp-json\/wp\/v2\/product"}],"about":[{"href":"https:\/\/www.keramika.com\/srbija\/wp-json\/wp\/v2\/types\/product"}],"wp:featuredmedia":[{"embeddable":true,"href":"https:\/\/www.keramika.com\/srbija\/wp-json\/wp\/v2\/media\/96844"}],"wp:attachment":[{"href":"https:\/\/www.keramika.com\/srbija\/wp-json\/wp\/v2\/media?parent=96843"}],"wp:term":[{"taxonomy":"product_cat","embeddable":true,"href":"https:\/\/www.keramika.com\/srbija\/wp-json\/wp\/v2\/product_cat?post=96843"},{"taxonomy":"product_tag","embeddable":true,"href":"https:\/\/www.keramika.com\/srbija\/wp-json\/wp\/v2\/product_tag?post=96843"}],"curies":[{"name":"wp","href":"https:\/\/api.w.org\/{rel}","templated":true}]}}