{"id":96823,"date":"2017-07-02T14:13:56","date_gmt":"2017-07-02T14:13:56","guid":{"rendered":"http:\/\/www.ceramictiles.com\/srbija\/product\/royal-natural\/"},"modified":"2026-01-05T00:00:22","modified_gmt":"2026-01-05T00:00:22","slug":"royal-natural","status":"publish","type":"product","link":"https:\/\/www.keramika.com\/srbija\/royal-natural\/","title":{"rendered":"Royal Natural"},"content":{"rendered":"<p>Royal Natural je proizvod iz \u0160panije te je izuzetno kvalitetna. Ova plo\u010dica je debela mm i zato je izuzetno izdr\u017eljiva. Veli\u010dina 60&#215;60 cm je odli\u010dna za sve podloge. Online cena je samo 1947,5 RSD, dok redovna, maloprodajna cena 2435 RSD. Plo\u010dice be\u017e boje, su letos izuzetno tre\u017eene.<\/p>\n<p>Kliknite na ime serije za sve plo\u010dice u toj seriji: <a class=\"pdfcatal\" href=\"\/\/www.ceramictiles.com\/pdf\/cicogres\/catalogue_cicogres_royal.pdf\" onclick=\"recordOutboundLink(this, 'E-mail', 'Description PDF');return false;\">Cicogres Royal<\/a><\/p>\n<p>Da bi naru\u010dili model iz PDF kataloga ove serije, molimo vas, da nas kontaktirate na: <a href=\"mailto:zo_mi@ceramictiles.com\" onclick=\"recordOutboundLink(this, 'E-mail', 'Description mail');return false;\">zo_mi@ceramictiles.com<\/a> ili nas pozovite na: For exact offer, PLS send us quantity and product you need with delivery address..<\/p>\n","protected":false},"excerpt":{"rendered":"<p>Royal Natural je proizvod iz \u0160panije te je izuzetno kvalitetna. Ova plo\u010dica je debela mm i zato je izuzetno izdr\u017eljiva. Veli\u010dina 60&#215;60 cm je odli\u010dna za sve podloge. Online cena je samo 1947,5 RSD, dok redovna, maloprodajna cena 2435 RSD. Plo\u010dice be\u017e boje, su letos izuzetno tre\u017eene. Kliknite na ime serije za sve plo\u010dice u [&hellip;]<\/p>\n","protected":false},"featured_media":96824,"template":"","meta":[],"product_cat":[999964,200,999],"product_tag":[],"_links":{"self":[{"href":"https:\/\/www.keramika.com\/srbija\/wp-json\/wp\/v2\/product\/96823"}],"collection":[{"href":"https:\/\/www.keramika.com\/srbija\/wp-json\/wp\/v2\/product"}],"about":[{"href":"https:\/\/www.keramika.com\/srbija\/wp-json\/wp\/v2\/types\/product"}],"wp:featuredmedia":[{"embeddable":true,"href":"https:\/\/www.keramika.com\/srbija\/wp-json\/wp\/v2\/media\/96824"}],"wp:attachment":[{"href":"https:\/\/www.keramika.com\/srbija\/wp-json\/wp\/v2\/media?parent=96823"}],"wp:term":[{"taxonomy":"product_cat","embeddable":true,"href":"https:\/\/www.keramika.com\/srbija\/wp-json\/wp\/v2\/product_cat?post=96823"},{"taxonomy":"product_tag","embeddable":true,"href":"https:\/\/www.keramika.com\/srbija\/wp-json\/wp\/v2\/product_tag?post=96823"}],"curies":[{"name":"wp","href":"https:\/\/api.w.org\/{rel}","templated":true}]}}