{"id":96821,"date":"2017-07-02T14:13:38","date_gmt":"2017-07-02T14:13:38","guid":{"rendered":"http:\/\/www.ceramictiles.com\/srbija\/product\/rimini-noce\/"},"modified":"2026-01-05T00:00:22","modified_gmt":"2026-01-05T00:00:22","slug":"rimini-noce","status":"publish","type":"product","link":"https:\/\/www.keramika.com\/srbija\/rimini-noce\/","title":{"rendered":"Rimini Noce"},"content":{"rendered":"<p>Ova plo\u010dica je debela mm i zato je izuzetno izdr\u017eljiva. plo\u010dica proizvo\u0111a\u010da Cicogres iz \u0160panije. Izuzetno moderne plo\u010dice be\u017e boje, osve\u017eit \u0107e svaki prostor. \u0160irina i du\u017eina plo\u010dice su 60&#215;60 cm. Zbog ni\u017eih tro\u0161kova, online prodaje, Vi \u0107e te na na\u0161oj strani ove plo\u010de platiti samo 1947,5 RSD.<\/p>\n<p>Kliknite na ime serije za sve plo\u010dice u toj seriji: <a class=\"pdfcatal\" href=\"\/\/www.ceramictiles.com\/pdf\/cicogres\/catalogue_cicogres_rimini.pdf\" onclick=\"recordOutboundLink(this, 'E-mail', 'Description PDF');return false;\">Cicogres Rimini<\/a><\/p>\n<p>Da bi naru\u010dili model iz PDF kataloga ove serije, molimo vas, da nas kontaktirate na: <a href=\"mailto:zo_mi@ceramictiles.com\" onclick=\"recordOutboundLink(this, 'E-mail', 'Description mail');return false;\">zo_mi@ceramictiles.com<\/a> ili nas pozovite na: For exact offer, PLS send us quantity and product you need with delivery address..<\/p>\n","protected":false},"excerpt":{"rendered":"<p>Ova plo\u010dica je debela mm i zato je izuzetno izdr\u017eljiva. plo\u010dica proizvo\u0111a\u010da Cicogres iz \u0160panije. Izuzetno moderne plo\u010dice be\u017e boje, osve\u017eit \u0107e svaki prostor. \u0160irina i du\u017eina plo\u010dice su 60&#215;60 cm. Zbog ni\u017eih tro\u0161kova, online prodaje, Vi \u0107e te na na\u0161oj strani ove plo\u010de platiti samo 1947,5 RSD. Kliknite na ime serije za sve plo\u010dice [&hellip;]<\/p>\n","protected":false},"featured_media":96822,"template":"","meta":[],"product_cat":[999964,200,999],"product_tag":[],"_links":{"self":[{"href":"https:\/\/www.keramika.com\/srbija\/wp-json\/wp\/v2\/product\/96821"}],"collection":[{"href":"https:\/\/www.keramika.com\/srbija\/wp-json\/wp\/v2\/product"}],"about":[{"href":"https:\/\/www.keramika.com\/srbija\/wp-json\/wp\/v2\/types\/product"}],"wp:featuredmedia":[{"embeddable":true,"href":"https:\/\/www.keramika.com\/srbija\/wp-json\/wp\/v2\/media\/96822"}],"wp:attachment":[{"href":"https:\/\/www.keramika.com\/srbija\/wp-json\/wp\/v2\/media?parent=96821"}],"wp:term":[{"taxonomy":"product_cat","embeddable":true,"href":"https:\/\/www.keramika.com\/srbija\/wp-json\/wp\/v2\/product_cat?post=96821"},{"taxonomy":"product_tag","embeddable":true,"href":"https:\/\/www.keramika.com\/srbija\/wp-json\/wp\/v2\/product_tag?post=96821"}],"curies":[{"name":"wp","href":"https:\/\/api.w.org\/{rel}","templated":true}]}}