{"id":96819,"date":"2017-07-02T14:13:16","date_gmt":"2017-07-02T14:13:16","guid":{"rendered":"http:\/\/www.ceramictiles.com\/srbija\/product\/rich-natural\/"},"modified":"2026-01-05T00:00:21","modified_gmt":"2026-01-05T00:00:21","slug":"rich-natural","status":"publish","type":"product","link":"https:\/\/www.keramika.com\/srbija\/rich-natural\/","title":{"rendered":"Rich Natural"},"content":{"rendered":"<p>Plo\u010dice be\u017e boje osvje\u017eit \u0107e svaki prostor. Veli\u010dina 60&#215;60 cm je odli\u010dna za sve podloge. Debljina plo\u010dice, je vrlo va\u017ena mm i ubraja tu plo\u010dicu me\u0111u najkvalitetnije. Ove plo\u010dice dolaze od proizvo\u0111a\u010da Cicogres, iz \u0160panije. Umesto 2827,5 RSD \u0161to je redovna maloprodajna cena keramike, u na\u0161oj online prodavnici, je mo\u017eete dobiti za samo 2262,5 RSD.<\/p>\n<p>Kliknite na ime serije za sve plo\u010dice u toj seriji: <a class=\"pdfcatal\" href=\"\/\/www.ceramictiles.com\/pdf\/cicogres\/catalogue_cicogres_rich.pdf\" onclick=\"recordOutboundLink(this, 'E-mail', 'Description PDF');return false;\">Cicogres Rich<\/a><\/p>\n<p>Da bi naru\u010dili model iz PDF kataloga ove serije, molimo vas, da nas kontaktirate na: <a href=\"mailto:zo_mi@ceramictiles.com\" onclick=\"recordOutboundLink(this, 'E-mail', 'Description mail');return false;\">zo_mi@ceramictiles.com<\/a> ili nas pozovite na: For exact offer, PLS send us quantity and product you need with delivery address..<\/p>\n","protected":false},"excerpt":{"rendered":"<p>Plo\u010dice be\u017e boje osvje\u017eit \u0107e svaki prostor. Veli\u010dina 60&#215;60 cm je odli\u010dna za sve podloge. Debljina plo\u010dice, je vrlo va\u017ena mm i ubraja tu plo\u010dicu me\u0111u najkvalitetnije. Ove plo\u010dice dolaze od proizvo\u0111a\u010da Cicogres, iz \u0160panije. Umesto 2827,5 RSD \u0161to je redovna maloprodajna cena keramike, u na\u0161oj online prodavnici, je mo\u017eete dobiti za samo 2262,5 RSD. [&hellip;]<\/p>\n","protected":false},"featured_media":96820,"template":"","meta":[],"product_cat":[999964,200,999],"product_tag":[],"_links":{"self":[{"href":"https:\/\/www.keramika.com\/srbija\/wp-json\/wp\/v2\/product\/96819"}],"collection":[{"href":"https:\/\/www.keramika.com\/srbija\/wp-json\/wp\/v2\/product"}],"about":[{"href":"https:\/\/www.keramika.com\/srbija\/wp-json\/wp\/v2\/types\/product"}],"wp:featuredmedia":[{"embeddable":true,"href":"https:\/\/www.keramika.com\/srbija\/wp-json\/wp\/v2\/media\/96820"}],"wp:attachment":[{"href":"https:\/\/www.keramika.com\/srbija\/wp-json\/wp\/v2\/media?parent=96819"}],"wp:term":[{"taxonomy":"product_cat","embeddable":true,"href":"https:\/\/www.keramika.com\/srbija\/wp-json\/wp\/v2\/product_cat?post=96819"},{"taxonomy":"product_tag","embeddable":true,"href":"https:\/\/www.keramika.com\/srbija\/wp-json\/wp\/v2\/product_tag?post=96819"}],"curies":[{"name":"wp","href":"https:\/\/api.w.org\/{rel}","templated":true}]}}