{"id":96807,"date":"2017-07-02T14:11:00","date_gmt":"2017-07-02T14:11:00","guid":{"rendered":"http:\/\/www.ceramictiles.com\/srbija\/product\/piedra-salmon\/"},"modified":"2026-01-05T00:00:20","modified_gmt":"2026-01-05T00:00:20","slug":"piedra-salmon","status":"publish","type":"product","link":"https:\/\/www.keramika.com\/srbija\/piedra-salmon\/","title":{"rendered":"Piedra Salmon"},"content":{"rendered":"<p>Piedra Salmon dolazi iz \u0160panije, koja je poznata po vrlo visokoj kvaliteta keramike u svetu. mm debljina \u0107e zadovoljiti i najzahtevnije kupce. Ove be\u017e kerami\u010dke plo\u010dice, obogatit \u0107e svaki prostor. U maloprodaji bi morali za tu plo\u010dicu platiti 2265 RSD, online cena je samo 1812,5 RSD. \u0160irina i du\u017eina plo\u010dice su 45&#215;45 cm.<\/p>\n<p>Kliknite na ime serije za sve plo\u010dice u toj seriji: <a class=\"pdfcatal\" href=\"\/\/www.ceramictiles.com\/pdf\/cicogres\/catalogue_cicogres_piedra.pdf\" onclick=\"recordOutboundLink(this, 'E-mail', 'Description PDF');return false;\">Cicogres Piedra<\/a><\/p>\n<p>Da bi naru\u010dili model iz PDF kataloga ove serije, molimo vas, da nas kontaktirate na: <a href=\"mailto:zo_mi@ceramictiles.com\" onclick=\"recordOutboundLink(this, 'E-mail', 'Description mail');return false;\">zo_mi@ceramictiles.com<\/a> ili nas pozovite na: For exact offer, PLS send us quantity and product you need with delivery address..<\/p>\n","protected":false},"excerpt":{"rendered":"<p>Piedra Salmon dolazi iz \u0160panije, koja je poznata po vrlo visokoj kvaliteta keramike u svetu. mm debljina \u0107e zadovoljiti i najzahtevnije kupce. Ove be\u017e kerami\u010dke plo\u010dice, obogatit \u0107e svaki prostor. U maloprodaji bi morali za tu plo\u010dicu platiti 2265 RSD, online cena je samo 1812,5 RSD. \u0160irina i du\u017eina plo\u010dice su 45&#215;45 cm. Kliknite na [&hellip;]<\/p>\n","protected":false},"featured_media":96808,"template":"","meta":[],"product_cat":[999964,200,999],"product_tag":[],"_links":{"self":[{"href":"https:\/\/www.keramika.com\/srbija\/wp-json\/wp\/v2\/product\/96807"}],"collection":[{"href":"https:\/\/www.keramika.com\/srbija\/wp-json\/wp\/v2\/product"}],"about":[{"href":"https:\/\/www.keramika.com\/srbija\/wp-json\/wp\/v2\/types\/product"}],"wp:featuredmedia":[{"embeddable":true,"href":"https:\/\/www.keramika.com\/srbija\/wp-json\/wp\/v2\/media\/96808"}],"wp:attachment":[{"href":"https:\/\/www.keramika.com\/srbija\/wp-json\/wp\/v2\/media?parent=96807"}],"wp:term":[{"taxonomy":"product_cat","embeddable":true,"href":"https:\/\/www.keramika.com\/srbija\/wp-json\/wp\/v2\/product_cat?post=96807"},{"taxonomy":"product_tag","embeddable":true,"href":"https:\/\/www.keramika.com\/srbija\/wp-json\/wp\/v2\/product_tag?post=96807"}],"curies":[{"name":"wp","href":"https:\/\/api.w.org\/{rel}","templated":true}]}}