{"id":96797,"date":"2017-07-02T14:09:13","date_gmt":"2017-07-02T14:09:13","guid":{"rendered":"http:\/\/www.ceramictiles.com\/srbija\/product\/otawa-caoba-brillo\/"},"modified":"2026-01-05T00:00:19","modified_gmt":"2026-01-05T00:00:19","slug":"otawa-caoba-brillo","status":"publish","type":"product","link":"https:\/\/www.keramika.com\/srbija\/otawa-caoba-brillo\/","title":{"rendered":"Otawa Caoba Brillo"},"content":{"rendered":"<p>Ove plo\u010dice dolaze od proizvo\u0111a\u010da Cicogres, iz \u0160panije. Veli\u010dina 45&#215;45 cm je odli\u010dna za sve podloge. Ove braon kerami\u010dke plo\u010dice, obogatit \u0107e svaki prostor. Ova plo\u010dica je debela mm i zato je izuzetno izdr\u017eljiva. Redovna cena, ovih plo\u010dica u maloprodaji je 2265 RSD. U na\u0161oj online trgovini, je mo\u017eete kupiti za 1812,5 RSD.<\/p>\n<p>Kliknite na ime serije za sve plo\u010dice u toj seriji: <a class=\"pdfcatal\" href=\"\/\/www.ceramictiles.com\/pdf\/cicogres\/catalogue_cicogres_otawa.pdf\" onclick=\"recordOutboundLink(this, 'E-mail', 'Description PDF');return false;\">Cicogres Otawa<\/a><\/p>\n<p>Da bi naru\u010dili model iz PDF kataloga ove serije, molimo vas, da nas kontaktirate na: <a href=\"mailto:zo_mi@ceramictiles.com\" onclick=\"recordOutboundLink(this, 'E-mail', 'Description mail');return false;\">zo_mi@ceramictiles.com<\/a> ili nas pozovite na: For exact offer, PLS send us quantity and product you need with delivery address..<\/p>\n","protected":false},"excerpt":{"rendered":"<p>Ove plo\u010dice dolaze od proizvo\u0111a\u010da Cicogres, iz \u0160panije. Veli\u010dina 45&#215;45 cm je odli\u010dna za sve podloge. Ove braon kerami\u010dke plo\u010dice, obogatit \u0107e svaki prostor. Ova plo\u010dica je debela mm i zato je izuzetno izdr\u017eljiva. Redovna cena, ovih plo\u010dica u maloprodaji je 2265 RSD. U na\u0161oj online trgovini, je mo\u017eete kupiti za 1812,5 RSD. Kliknite na [&hellip;]<\/p>\n","protected":false},"featured_media":96798,"template":"","meta":[],"product_cat":[999964,200,999],"product_tag":[],"_links":{"self":[{"href":"https:\/\/www.keramika.com\/srbija\/wp-json\/wp\/v2\/product\/96797"}],"collection":[{"href":"https:\/\/www.keramika.com\/srbija\/wp-json\/wp\/v2\/product"}],"about":[{"href":"https:\/\/www.keramika.com\/srbija\/wp-json\/wp\/v2\/types\/product"}],"wp:featuredmedia":[{"embeddable":true,"href":"https:\/\/www.keramika.com\/srbija\/wp-json\/wp\/v2\/media\/96798"}],"wp:attachment":[{"href":"https:\/\/www.keramika.com\/srbija\/wp-json\/wp\/v2\/media?parent=96797"}],"wp:term":[{"taxonomy":"product_cat","embeddable":true,"href":"https:\/\/www.keramika.com\/srbija\/wp-json\/wp\/v2\/product_cat?post=96797"},{"taxonomy":"product_tag","embeddable":true,"href":"https:\/\/www.keramika.com\/srbija\/wp-json\/wp\/v2\/product_tag?post=96797"}],"curies":[{"name":"wp","href":"https:\/\/api.w.org\/{rel}","templated":true}]}}