{"id":96781,"date":"2017-07-02T14:06:08","date_gmt":"2017-07-02T14:06:08","guid":{"rendered":"http:\/\/www.ceramictiles.com\/srbija\/product\/montblanc-natural\/"},"modified":"2026-01-05T00:00:17","modified_gmt":"2026-01-05T00:00:17","slug":"montblanc-natural","status":"publish","type":"product","link":"https:\/\/www.keramika.com\/srbija\/montblanc-natural\/","title":{"rendered":"Montblanc Natural"},"content":{"rendered":"<p>Montblanc Natural je dostupna po vrlo povoljnim cenama 2682,5 RSD. Montblanc Natural dolazi iz \u0160panije, koja je poznata po vrlo visokoj kvaliteta keramike u svetu. Plo\u010dice sive boje osvje\u017eit \u0107e svaki prostor. Veli\u010dina plo\u010dice je 60&#215;30 cm i odli\u010dna je za razli\u010dite povr\u0161ine. Debljina mm \u010dini plo\u010dicu vrlo izdr\u017eljivom i prijatnom na dodir.<\/p>\n<p>Kliknite na ime serije za sve plo\u010dice u toj seriji: <a class=\"pdfcatal\" href=\"\/\/www.ceramictiles.com\/pdf\/cicogres\/catalogue_cicogres_montblanc.pdf\" onclick=\"recordOutboundLink(this, 'E-mail', 'Description PDF');return false;\">Cicogres Montblanc<\/a><\/p>\n<p>Da bi naru\u010dili model iz PDF kataloga ove serije, molimo vas, da nas kontaktirate na: <a href=\"mailto:zo_mi@ceramictiles.com\" onclick=\"recordOutboundLink(this, 'E-mail', 'Description mail');return false;\">zo_mi@ceramictiles.com<\/a> ili nas pozovite na: For exact offer, PLS send us quantity and product you need with delivery address..<\/p>\n","protected":false},"excerpt":{"rendered":"<p>Montblanc Natural je dostupna po vrlo povoljnim cenama 2682,5 RSD. Montblanc Natural dolazi iz \u0160panije, koja je poznata po vrlo visokoj kvaliteta keramike u svetu. Plo\u010dice sive boje osvje\u017eit \u0107e svaki prostor. Veli\u010dina plo\u010dice je 60&#215;30 cm i odli\u010dna je za razli\u010dite povr\u0161ine. Debljina mm \u010dini plo\u010dicu vrlo izdr\u017eljivom i prijatnom na dodir. Kliknite na [&hellip;]<\/p>\n","protected":false},"featured_media":96782,"template":"","meta":[],"product_cat":[999964,200,999],"product_tag":[],"_links":{"self":[{"href":"https:\/\/www.keramika.com\/srbija\/wp-json\/wp\/v2\/product\/96781"}],"collection":[{"href":"https:\/\/www.keramika.com\/srbija\/wp-json\/wp\/v2\/product"}],"about":[{"href":"https:\/\/www.keramika.com\/srbija\/wp-json\/wp\/v2\/types\/product"}],"wp:featuredmedia":[{"embeddable":true,"href":"https:\/\/www.keramika.com\/srbija\/wp-json\/wp\/v2\/media\/96782"}],"wp:attachment":[{"href":"https:\/\/www.keramika.com\/srbija\/wp-json\/wp\/v2\/media?parent=96781"}],"wp:term":[{"taxonomy":"product_cat","embeddable":true,"href":"https:\/\/www.keramika.com\/srbija\/wp-json\/wp\/v2\/product_cat?post=96781"},{"taxonomy":"product_tag","embeddable":true,"href":"https:\/\/www.keramika.com\/srbija\/wp-json\/wp\/v2\/product_tag?post=96781"}],"curies":[{"name":"wp","href":"https:\/\/api.w.org\/{rel}","templated":true}]}}