{"id":96779,"date":"2017-07-02T14:05:49","date_gmt":"2017-07-02T14:05:49","guid":{"rendered":"http:\/\/www.ceramictiles.com\/srbija\/product\/montana-gris\/"},"modified":"2026-01-05T00:00:17","modified_gmt":"2026-01-05T00:00:17","slug":"montana-gris","status":"publish","type":"product","link":"https:\/\/www.keramika.com\/srbija\/montana-gris\/","title":{"rendered":"Montana Gris"},"content":{"rendered":"<p>Montana Gris je dostupna po vrlo povoljnim cenama 2682,5 RSD. Ove plo\u010dice dolaze od proizvo\u0111a\u010da Cicogres, iz \u0160panije. Veli\u010dina 60&#215;30 cm je odli\u010dna za sve podloge. mm debljine je dovoljno za zahtevnije kupce. Izuzetno moderne plo\u010dice sive boje, osve\u017eit \u0107e svaki prostor.<\/p>\n<p>Kliknite na ime serije za sve plo\u010dice u toj seriji: <a class=\"pdfcatal\" href=\"\/\/www.ceramictiles.com\/pdf\/cicogres\/catalogue_cicogres_montana.pdf\" onclick=\"recordOutboundLink(this, 'E-mail', 'Description PDF');return false;\">Cicogres Montana<\/a><\/p>\n<p>Da bi naru\u010dili model iz PDF kataloga ove serije, molimo vas, da nas kontaktirate na: <a href=\"mailto:zo_mi@ceramictiles.com\" onclick=\"recordOutboundLink(this, 'E-mail', 'Description mail');return false;\">zo_mi@ceramictiles.com<\/a> ili nas pozovite na: For exact offer, PLS send us quantity and product you need with delivery address..<\/p>\n","protected":false},"excerpt":{"rendered":"<p>Montana Gris je dostupna po vrlo povoljnim cenama 2682,5 RSD. Ove plo\u010dice dolaze od proizvo\u0111a\u010da Cicogres, iz \u0160panije. Veli\u010dina 60&#215;30 cm je odli\u010dna za sve podloge. mm debljine je dovoljno za zahtevnije kupce. Izuzetno moderne plo\u010dice sive boje, osve\u017eit \u0107e svaki prostor. Kliknite na ime serije za sve plo\u010dice u toj seriji: Cicogres Montana Da [&hellip;]<\/p>\n","protected":false},"featured_media":96780,"template":"","meta":[],"product_cat":[999964,200,999],"product_tag":[],"_links":{"self":[{"href":"https:\/\/www.keramika.com\/srbija\/wp-json\/wp\/v2\/product\/96779"}],"collection":[{"href":"https:\/\/www.keramika.com\/srbija\/wp-json\/wp\/v2\/product"}],"about":[{"href":"https:\/\/www.keramika.com\/srbija\/wp-json\/wp\/v2\/types\/product"}],"wp:featuredmedia":[{"embeddable":true,"href":"https:\/\/www.keramika.com\/srbija\/wp-json\/wp\/v2\/media\/96780"}],"wp:attachment":[{"href":"https:\/\/www.keramika.com\/srbija\/wp-json\/wp\/v2\/media?parent=96779"}],"wp:term":[{"taxonomy":"product_cat","embeddable":true,"href":"https:\/\/www.keramika.com\/srbija\/wp-json\/wp\/v2\/product_cat?post=96779"},{"taxonomy":"product_tag","embeddable":true,"href":"https:\/\/www.keramika.com\/srbija\/wp-json\/wp\/v2\/product_tag?post=96779"}],"curies":[{"name":"wp","href":"https:\/\/api.w.org\/{rel}","templated":true}]}}