{"id":96775,"date":"2017-07-02T14:05:06","date_gmt":"2017-07-02T14:05:06","guid":{"rendered":"http:\/\/www.ceramictiles.com\/srbija\/product\/metallica-gold\/"},"modified":"2026-01-05T00:00:17","modified_gmt":"2026-01-05T00:00:17","slug":"metallica-gold","status":"publish","type":"product","link":"https:\/\/www.keramika.com\/srbija\/metallica-gold\/","title":{"rendered":"Metallica Gold"},"content":{"rendered":"<p>U izboru plo\u010dica braon boje, ne mo\u017eete pogre\u0161iti. Metallica Gold dolazi iz \u0160panije, koja je poznata po vrlo visokoj kvaliteta keramike u svetu. mm debljine je dovoljno za zahtevnije kupce. Umesto 4035 RSD \u0161to je redovna maloprodajna cena keramike, u na\u0161oj online prodavnici, je mo\u017eete dobiti za samo 3228,75 RSD. Veli\u010dina ove plo\u010dice je 60&#215;30 cm.<\/p>\n<p>Kliknite na ime serije za sve plo\u010dice u toj seriji: <a class=\"pdfcatal\" href=\"\/\/www.ceramictiles.com\/pdf\/cicogres\/catalogue_cicogres_metallica.pdf\" onclick=\"recordOutboundLink(this, 'E-mail', 'Description PDF');return false;\">Cicogres Metallica<\/a><\/p>\n<p>Da bi naru\u010dili model iz PDF kataloga ove serije, molimo vas, da nas kontaktirate na: <a href=\"mailto:zo_mi@ceramictiles.com\" onclick=\"recordOutboundLink(this, 'E-mail', 'Description mail');return false;\">zo_mi@ceramictiles.com<\/a> ili nas pozovite na: For exact offer, PLS send us quantity and product you need with delivery address..<\/p>\n","protected":false},"excerpt":{"rendered":"<p>U izboru plo\u010dica braon boje, ne mo\u017eete pogre\u0161iti. Metallica Gold dolazi iz \u0160panije, koja je poznata po vrlo visokoj kvaliteta keramike u svetu. mm debljine je dovoljno za zahtevnije kupce. Umesto 4035 RSD \u0161to je redovna maloprodajna cena keramike, u na\u0161oj online prodavnici, je mo\u017eete dobiti za samo 3228,75 RSD. Veli\u010dina ove plo\u010dice je 60&#215;30 [&hellip;]<\/p>\n","protected":false},"featured_media":96776,"template":"","meta":[],"product_cat":[999964,200,999],"product_tag":[],"_links":{"self":[{"href":"https:\/\/www.keramika.com\/srbija\/wp-json\/wp\/v2\/product\/96775"}],"collection":[{"href":"https:\/\/www.keramika.com\/srbija\/wp-json\/wp\/v2\/product"}],"about":[{"href":"https:\/\/www.keramika.com\/srbija\/wp-json\/wp\/v2\/types\/product"}],"wp:featuredmedia":[{"embeddable":true,"href":"https:\/\/www.keramika.com\/srbija\/wp-json\/wp\/v2\/media\/96776"}],"wp:attachment":[{"href":"https:\/\/www.keramika.com\/srbija\/wp-json\/wp\/v2\/media?parent=96775"}],"wp:term":[{"taxonomy":"product_cat","embeddable":true,"href":"https:\/\/www.keramika.com\/srbija\/wp-json\/wp\/v2\/product_cat?post=96775"},{"taxonomy":"product_tag","embeddable":true,"href":"https:\/\/www.keramika.com\/srbija\/wp-json\/wp\/v2\/product_tag?post=96775"}],"curies":[{"name":"wp","href":"https:\/\/api.w.org\/{rel}","templated":true}]}}