{"id":96773,"date":"2017-07-02T14:04:44","date_gmt":"2017-07-02T14:04:44","guid":{"rendered":"http:\/\/www.ceramictiles.com\/srbija\/product\/memory\/"},"modified":"2026-01-05T00:00:16","modified_gmt":"2026-01-05T00:00:16","slug":"memory","status":"publish","type":"product","link":"https:\/\/www.keramika.com\/srbija\/memory\/","title":{"rendered":"Memory"},"content":{"rendered":"<p>Zbog ni\u017eih tro\u0161kova, online prodaje, Vi \u0107e te na na\u0161oj strani ove plo\u010de platiti samo 1947,5 RSD. Debljina plo\u010dice, je vrlo va\u017ena mm i ubraja tu plo\u010dicu me\u0111u najkvalitetnije. U izboru plo\u010dica braon boje, ne mo\u017eete pogre\u0161iti. Plo\u010dice dolaze iz \u0160panije, koja je poznata po kvalitetnoj keramiki. Dimenzije ovih plo\u010dica su 60&#215;60 cm.<\/p>\n<p>Kliknite na ime serije za sve plo\u010dice u toj seriji: <a class=\"pdfcatal\" href=\"\/\/www.ceramictiles.com\/pdf\/cicogres\/catalogue_cicogres_memory.pdf\" onclick=\"recordOutboundLink(this, 'E-mail', 'Description PDF');return false;\">Cicogres Memory<\/a><\/p>\n<p>Da bi naru\u010dili model iz PDF kataloga ove serije, molimo vas, da nas kontaktirate na: <a href=\"mailto:zo_mi@ceramictiles.com\" onclick=\"recordOutboundLink(this, 'E-mail', 'Description mail');return false;\">zo_mi@ceramictiles.com<\/a> ili nas pozovite na: For exact offer, PLS send us quantity and product you need with delivery address..<\/p>\n","protected":false},"excerpt":{"rendered":"<p>Zbog ni\u017eih tro\u0161kova, online prodaje, Vi \u0107e te na na\u0161oj strani ove plo\u010de platiti samo 1947,5 RSD. Debljina plo\u010dice, je vrlo va\u017ena mm i ubraja tu plo\u010dicu me\u0111u najkvalitetnije. U izboru plo\u010dica braon boje, ne mo\u017eete pogre\u0161iti. Plo\u010dice dolaze iz \u0160panije, koja je poznata po kvalitetnoj keramiki. Dimenzije ovih plo\u010dica su 60&#215;60 cm. Kliknite na [&hellip;]<\/p>\n","protected":false},"featured_media":96774,"template":"","meta":[],"product_cat":[999964,200,999],"product_tag":[],"_links":{"self":[{"href":"https:\/\/www.keramika.com\/srbija\/wp-json\/wp\/v2\/product\/96773"}],"collection":[{"href":"https:\/\/www.keramika.com\/srbija\/wp-json\/wp\/v2\/product"}],"about":[{"href":"https:\/\/www.keramika.com\/srbija\/wp-json\/wp\/v2\/types\/product"}],"wp:featuredmedia":[{"embeddable":true,"href":"https:\/\/www.keramika.com\/srbija\/wp-json\/wp\/v2\/media\/96774"}],"wp:attachment":[{"href":"https:\/\/www.keramika.com\/srbija\/wp-json\/wp\/v2\/media?parent=96773"}],"wp:term":[{"taxonomy":"product_cat","embeddable":true,"href":"https:\/\/www.keramika.com\/srbija\/wp-json\/wp\/v2\/product_cat?post=96773"},{"taxonomy":"product_tag","embeddable":true,"href":"https:\/\/www.keramika.com\/srbija\/wp-json\/wp\/v2\/product_tag?post=96773"}],"curies":[{"name":"wp","href":"https:\/\/api.w.org\/{rel}","templated":true}]}}